{"id":295,"date":"2023-08-23T01:10:22","date_gmt":"2023-08-22T23:10:22","guid":{"rendered":"https:\/\/www.brandenburg-bleibt-bunt.de\/?page_id=295"},"modified":"2023-08-23T01:16:56","modified_gmt":"2023-08-22T23:16:56","slug":"09-09-csd-oberhavel","status":"publish","type":"page","link":"https:\/\/www.brandenburg-bleibt-bunt.de\/?page_id=295","title":{"rendered":"09.09 &#8211; CSD Oberhavel"},"content":{"rendered":"\n<p><img fetchpriority=\"high\" decoding=\"async\" width=\"300\" height=\"202\" class=\"wp-image-296\" style=\"width: 300px;\" src=\"https:\/\/www.brandenburg-bleibt-bunt.de\/wp-content\/uploads\/2023\/08\/CSD-Oberhavel.png\" alt=\"\" srcset=\"https:\/\/www.brandenburg-bleibt-bunt.de\/wp-content\/uploads\/2023\/08\/CSD-Oberhavel.png 500w, https:\/\/www.brandenburg-bleibt-bunt.de\/wp-content\/uploads\/2023\/08\/CSD-Oberhavel-300x202.png 300w\" sizes=\"(max-width: 300px) 100vw, 300px\" \/>Am 9. September 2023 macht das Team der LesBI*Schwulen T*our einen Abstecher in den Landkreis Oberhavel, genauer gesagt nach Oranienburg, wo an diesem Tag nach langer und intensiver Vorbereitung vieler Ehrenamtlicher der <a href=\"http:\/\/www.csd-ohv.de\" data-type=\"link\" data-id=\"www.csd-ohv.de\">1. CSD Oberhavel<\/a> stattfindet.<\/p>\n\n\n\n<p><strong>Ab 13 Uhr<\/strong> startet die Demo ab Lehnitzstra\u00dfe \/ Lindenstra\u00dfe<br>und f\u00fchrt dann \u00fcber den Bahnhof Oranienburg und Bernauer Stra\u00dfe weiter zum Schlo\u00dfplatz, wo gg. 14 Uhr eine Kundgebung stattfindet. Weiter geht es \u00fcber die Berliner Stra\u00dfe, Melanchthonstra\u00dfe und Kremmener Stra\u00dfe zum Oranienwerk.\u00a0<\/p>\n\n\n\n<p><strong>Ab ca. 15:30 Uhr <\/strong>startet im Anschlu\u00df das Pridefest mit Live-Musik im<br>Oranienwerk zu dem sich zahlreichen lokale und regionale Initiativen vorstellen. Hier wird auch das Team der LesBI<em>Schwulen T<\/em>our mit seinem INformations- und Kampagnenstand dabei sein.<\/p>\n\n\n\n<figure class=\"wp-block-image size-full\"><img decoding=\"async\" width=\"1080\" height=\"1080\" src=\"https:\/\/www.brandenburg-bleibt-bunt.de\/wp-content\/uploads\/2023\/08\/CSDOberhavel2023.jpg\" alt=\"\" class=\"wp-image-297\" srcset=\"https:\/\/www.brandenburg-bleibt-bunt.de\/wp-content\/uploads\/2023\/08\/CSDOberhavel2023.jpg 1080w, https:\/\/www.brandenburg-bleibt-bunt.de\/wp-content\/uploads\/2023\/08\/CSDOberhavel2023-300x300.jpg 300w, https:\/\/www.brandenburg-bleibt-bunt.de\/wp-content\/uploads\/2023\/08\/CSDOberhavel2023-1024x1024.jpg 1024w, https:\/\/www.brandenburg-bleibt-bunt.de\/wp-content\/uploads\/2023\/08\/CSDOberhavel2023-150x150.jpg 150w, https:\/\/www.brandenburg-bleibt-bunt.de\/wp-content\/uploads\/2023\/08\/CSDOberhavel2023-768x768.jpg 768w, https:\/\/www.brandenburg-bleibt-bunt.de\/wp-content\/uploads\/2023\/08\/CSDOberhavel2023-600x600.jpg 600w\" sizes=\"(max-width: 1080px) 100vw, 1080px\" \/><\/figure>\n","protected":false},"excerpt":{"rendered":"<p>Am 9. September 2023 macht das Team der LesBI*Schwulen T*our einen Abstecher in den Landkreis Oberhavel, genauer gesagt nach Oranienburg, wo an diesem Tag nach langer und intensiver Vorbereitung vieler Ehrenamtlicher der 1. CSD Oberhavel stattfindet. Ab 13 Uhr startet die Demo ab Lehnitzstra\u00dfe \/ Lindenstra\u00dfeund f\u00fchrt dann \u00fcber den Bahnhof Oranienburg und Bernauer Stra\u00dfe [&hellip;]<\/p>\n","protected":false},"author":3,"featured_media":297,"parent":91,"menu_order":0,"comment_status":"closed","ping_status":"closed","template":"","meta":{"ocean_post_layout":"","ocean_both_sidebars_style":"","ocean_both_sidebars_content_width":0,"ocean_both_sidebars_sidebars_width":0,"ocean_sidebar":"0","ocean_second_sidebar":"0","ocean_disable_margins":"enable","ocean_add_body_class":"","ocean_shortcode_before_top_bar":"","ocean_shortcode_after_top_bar":"","ocean_shortcode_before_header":"","ocean_shortcode_after_header":"","ocean_has_shortcode":"","ocean_shortcode_after_title":"","ocean_shortcode_before_footer_widgets":"","ocean_shortcode_after_footer_widgets":"","ocean_shortcode_before_footer_bottom":"","ocean_shortcode_after_footer_bottom":"","ocean_display_top_bar":"default","ocean_display_header":"default","ocean_header_style":"","ocean_center_header_left_menu":"0","ocean_custom_header_template":"0","ocean_custom_logo":0,"ocean_custom_retina_logo":0,"ocean_custom_logo_max_width":0,"ocean_custom_logo_tablet_max_width":0,"ocean_custom_logo_mobile_max_width":0,"ocean_custom_logo_max_height":0,"ocean_custom_logo_tablet_max_height":0,"ocean_custom_logo_mobile_max_height":0,"ocean_header_custom_menu":"0","ocean_menu_typo_font_family":"0","ocean_menu_typo_font_subset":"","ocean_menu_typo_font_size":0,"ocean_menu_typo_font_size_tablet":0,"ocean_menu_typo_font_size_mobile":0,"ocean_menu_typo_font_size_unit":"px","ocean_menu_typo_font_weight":"","ocean_menu_typo_font_weight_tablet":"","ocean_menu_typo_font_weight_mobile":"","ocean_menu_typo_transform":"","ocean_menu_typo_transform_tablet":"","ocean_menu_typo_transform_mobile":"","ocean_menu_typo_line_height":0,"ocean_menu_typo_line_height_tablet":0,"ocean_menu_typo_line_height_mobile":0,"ocean_menu_typo_line_height_unit":"","ocean_menu_typo_spacing":0,"ocean_menu_typo_spacing_tablet":0,"ocean_menu_typo_spacing_mobile":0,"ocean_menu_typo_spacing_unit":"","ocean_menu_link_color":"","ocean_menu_link_color_hover":"","ocean_menu_link_color_active":"","ocean_menu_link_background":"","ocean_menu_link_hover_background":"","ocean_menu_link_active_background":"","ocean_menu_social_links_bg":"","ocean_menu_social_hover_links_bg":"","ocean_menu_social_links_color":"","ocean_menu_social_hover_links_color":"","ocean_disable_title":"default","ocean_disable_heading":"default","ocean_post_title":"","ocean_post_subheading":"","ocean_post_title_style":"","ocean_post_title_background_color":"","ocean_post_title_background":0,"ocean_post_title_bg_image_position":"","ocean_post_title_bg_image_attachment":"","ocean_post_title_bg_image_repeat":"","ocean_post_title_bg_image_size":"","ocean_post_title_height":0,"ocean_post_title_bg_overlay":0.5,"ocean_post_title_bg_overlay_color":"","ocean_disable_breadcrumbs":"default","ocean_breadcrumbs_color":"","ocean_breadcrumbs_separator_color":"","ocean_breadcrumbs_links_color":"","ocean_breadcrumbs_links_hover_color":"","ocean_display_footer_widgets":"default","ocean_display_footer_bottom":"default","ocean_custom_footer_template":"0","footnotes":""},"class_list":["post-295","page","type-page","status-publish","has-post-thumbnail","hentry","entry","has-media"],"jetpack_sharing_enabled":true,"_links":{"self":[{"href":"https:\/\/www.brandenburg-bleibt-bunt.de\/index.php?rest_route=\/wp\/v2\/pages\/295","targetHints":{"allow":["GET"]}}],"collection":[{"href":"https:\/\/www.brandenburg-bleibt-bunt.de\/index.php?rest_route=\/wp\/v2\/pages"}],"about":[{"href":"https:\/\/www.brandenburg-bleibt-bunt.de\/index.php?rest_route=\/wp\/v2\/types\/page"}],"author":[{"embeddable":true,"href":"https:\/\/www.brandenburg-bleibt-bunt.de\/index.php?rest_route=\/wp\/v2\/users\/3"}],"replies":[{"embeddable":true,"href":"https:\/\/www.brandenburg-bleibt-bunt.de\/index.php?rest_route=%2Fwp%2Fv2%2Fcomments&post=295"}],"version-history":[{"count":1,"href":"https:\/\/www.brandenburg-bleibt-bunt.de\/index.php?rest_route=\/wp\/v2\/pages\/295\/revisions"}],"predecessor-version":[{"id":298,"href":"https:\/\/www.brandenburg-bleibt-bunt.de\/index.php?rest_route=\/wp\/v2\/pages\/295\/revisions\/298"}],"up":[{"embeddable":true,"href":"https:\/\/www.brandenburg-bleibt-bunt.de\/index.php?rest_route=\/wp\/v2\/pages\/91"}],"wp:featuredmedia":[{"embeddable":true,"href":"https:\/\/www.brandenburg-bleibt-bunt.de\/index.php?rest_route=\/wp\/v2\/media\/297"}],"wp:attachment":[{"href":"https:\/\/www.brandenburg-bleibt-bunt.de\/index.php?rest_route=%2Fwp%2Fv2%2Fmedia&parent=295"}],"curies":[{"name":"wp","href":"https:\/\/api.w.org\/{rel}","templated":true}]}}