{"id":37,"date":"2023-03-29T12:19:59","date_gmt":"2023-03-29T12:19:59","guid":{"rendered":"https:\/\/www.brandenburg-bleibt-bunt.de\/?page_id=37"},"modified":"2025-08-17T17:04:13","modified_gmt":"2025-08-17T15:04:13","slug":"impressum","status":"publish","type":"page","link":"https:\/\/www.brandenburg-bleibt-bunt.de\/?page_id=37","title":{"rendered":"Impressum"},"content":{"rendered":"\t\t<div data-elementor-type=\"wp-page\" data-elementor-id=\"37\" class=\"elementor elementor-37\" data-elementor-post-type=\"page\">\n\t\t\t\t\t\t<section class=\"elementor-section elementor-top-section elementor-element elementor-element-304ae9c7 elementor-section-full_width elementor-section-height-default elementor-section-height-default\" data-id=\"304ae9c7\" data-element_type=\"section\" data-e-type=\"section\">\n\t\t\t\t\t\t<div class=\"elementor-container elementor-column-gap-default\">\n\t\t\t\t\t<div class=\"elementor-column elementor-col-100 elementor-top-column elementor-element elementor-element-29110035\" data-id=\"29110035\" data-element_type=\"column\" data-e-type=\"column\">\n\t\t\t<div class=\"elementor-widget-wrap elementor-element-populated\">\n\t\t\t\t\t\t<div class=\"elementor-element elementor-element-60ee110f elementor-widget elementor-widget-text-editor\" data-id=\"60ee110f\" data-element_type=\"widget\" data-e-type=\"widget\" data-widget_type=\"text-editor.default\">\n\t\t\t\t<div class=\"elementor-widget-container\">\n\t\t\t\t\t\t\t\t\t<p>Anbieterkennzeichnung gem\u00e4\u00df TMG<\/p>\n<p><!-- \/wp:paragraph --><\/p>\n<div class=\"uk-panel uk-margin\">\n<p>Anbieter im Sinne des Telemediengesetzes (TMG) ist:<\/p>\n<p><strong>Landesverband AndersARTiG e.V.<\/strong><\/p>\n<p>Anschrift: Dortustra\u00dfe 71A \u2013 14467 Potsdam<br \/>Telefon: (0331) 20 19 888<br \/>Telefax: (0331) 20 19 797<br \/>E-Mail: mail@andersartig.info<\/p>\n<\/div>\n<h3>Vereinsregister<\/h3>\n<div class=\"uk-panel uk-margin\">\n<p>Registergericht: Amtsgericht Potsdam<br \/>Registernummer: VR 2504 P<\/p>\n<\/div>\n<h3>Satzung<\/h3>\n<div class=\"uk-panel uk-margin\">\n<p>Die aktuell g\u00fcltige Satzung finden Sie\u00a0<a style=\"font-size: 15px; background-color: #ffffff;\" href=\"https:\/\/andersartig.info\/satzung_landersverband_andersartig\/\" target=\"_blank\" rel=\"noopener\">hier<\/a>.<\/p>\n<\/div>\n<h3>Vertretungsberechtigter Vorstand:<\/h3>\n<div class=\"uk-panel uk-margin\">\n<p>Michaela Burkard, Vera Spatz, Ha Thao Suong Vu, Micke Guckelsberger, Thomas Tietze, Ron M\u00fctze Schroeter<\/p>\n<\/div>\n<h3>Gemeinn\u00fctzigkeit<\/h3>\n<div class=\"uk-panel uk-margin\">Der Landesverband AndersARTiG e.V. ist f\u00fcr die Jahre 2019, 2020 und 2021 unter der Steuernummer 046\/143\/05253 vom Finanzamt Potsdam mit Freistellungsbescheid vom 15. Januar 2024, wegen F\u00f6rderung der Jugendhilfe sowie F\u00f6rderung der Erziehung sowie F\u00f6rderung der Volks- und Berufsbildung einschlie\u00dflich der Studentenhilfe als ausschlie\u00dflich und unmittelbar steuerbeg\u00fcnstigten, gemeinn\u00fctzigen Zwecken im Sinne der \u00a7\u00a751 ff. AO dienend anerkannt.<\/div>\n<h2>Webseite:<\/h2>\n<div class=\"uk-panel uk-margin\">\n<p>Wir danken insbesondere der Medienagentur Kernspecht &amp; Sport f\u00fcr die Erstellung der Gebrauchsgrafischen Bestandteile der neuen Homepage!<\/p>\n<\/div>\n<h3>Datenschutz<\/h3>\n<div class=\"uk-panel uk-margin\"><a href=\"https:\/\/andersartig.info\/datenschutz\">Hier finden Sie unsere Datenschutzerkl\u00e4rung<\/a><\/div>\n<h2>Haftungshinweis oder \u201cDisclaimer\u201d<\/h2>\n<div class=\"uk-panel uk-margin\">\n<p>Auf vielen Webseiten (auch von Leuten, die es besser wissen m\u00fc\u00dften) stehen an dieser Stelle diverse Hinweise und Erkl\u00e4rungen zu irgendwelchen Gerichtsurteilen und Gesetzen. Sinn, Nutzen und Wirksamkeit solcher virtuellen Zauberspr\u00fcche sind umstritten. Zum Einstieg in dieses Thema sei auf<a title=\"Link zu www.scheegans.de\" href=\"http:\/\/schneegans.de\/web\/distanzierung-von-links\/\" target=\"_blank\" rel=\"noopener\"> diese Webseite<\/a> und <a title=\"Link zur Wikipedia\" href=\"http:\/\/de.wikipedia.org\/wiki\/Disclaimer#Homepage-Disclaimer\" target=\"_blank\" rel=\"noopener\">diesen Artikel der Wikipedia<\/a> hingewiesen.<\/p>\n<p>Wie schon oben steht, zeichnet der Landesverband AndersARTiG e.V. verantwortlich f\u00fcr den Inhalt dieser Seiten. Hinweise, wie mit uns in Kontakt getreten werden kann, sind reichlich vorhanden. Wir sind stets um schnelle Reaktion bem\u00fcht und meistens sind diese Bem\u00fchungen von Erfolg gekr\u00f6hnt.<\/p>\n<p>Wer Grund zur Beschwerde hat, aber deswegen unverz\u00fcglich einen rechtlichen Beistand bem\u00fcht, beweist damit keinesfalls die eigene Wichtigkeit, sondern offenbart vielmehr grundlegende Defizite in Fragen der Konfliktf\u00e4higkeit. Auch stellt sich die Frage, was an einem Anruf oder einer E-Mail so viel komplizierter ist, als an einem Gang zur_zum Anw\u00e4lt*in.<\/p>\n<p>In solchen F\u00e4llen bedauern wir, da\u00df eine unkomplizierte L\u00f6sung nicht erw\u00fcnscht ist \u2013 entsprechen aber dem gegnerischem Geltungsbed\u00fcrfnis und \u00fcberlassen die komplizierte L\u00f6sung selbstverst\u00e4ndlich unseren Anw\u00e4lt*innen.<\/p>\n<\/div>\n<h3>F\u00fcr alle F\u00e4lle gilt:<\/h3>\n<div class=\"uk-panel uk-margin\">\n<p>F\u00fcr die auf dieser Webseite, sowie auf unserer Facebookseite (<a href=\"https:\/\/www.facebook.com\/brandenburg.bleibt.bunt\/\" target=\"_blank\" rel=\"noopener\">https:\/\/www.facebook.com\/brandenburg.bleibt.bunt\/<\/a>) und Instagram (<a href=\"https:\/\/www.instagram.com\/brandenburg.bleibt.bunt\/\">https:\/\/www.instagram.com\/brandenburg.bleibt.bunt\/<\/a>)\u00a0 Inhalte ist der Landesverband AndersARTiG verantwortlich. Trotz sorgf\u00e4ltiger inhaltlicher Kontrolle, \u00fcbernehmen wir keine Haftung f\u00fcr die Inhalte externer Links. F\u00fcr den Inhalt der verlinkten Seiten sind ausschlie\u00dflich deren Betreiber*innen verantwortlich.<\/p>\n<\/div>\n<h2>Urheber- und Verwertungsrechte<\/h2>\n<h3>Software:<\/h3>\n<div class=\"uk-panel uk-margin\">\n<p>Diese Seite wurde mit WordPress umgesetzt.<\/p>\n<\/div>\n<h3>Texte &amp; Bilder:<\/h3>\n<div class=\"uk-panel uk-margin\">\n<p>Einige Bilder sind der Blickwinkel-DVD des Deutschen Bundesjugendring entnommen, die wir als Mitgliedsorganisation des Jugendnetzwerk Lambda (Bundesverband) nutzen d\u00fcrfen. Diese stehen unter Copyright und d\u00fcrfen nur von den Mitgliedverb\u00e4nden des DBJR und deren Untergliederungen genutzt werden. Die Urheberangaben sind in den Metadaten der jeweiligen Bilddateien hinterlegt.<\/p>\n<p>Textliche und bildliche Inhalte dieser Webseite stehen im \u00fcbrigen, soweit nicht anders kenntlich gemacht, unter einer <a href=\"http:\/\/creativecommons.org\/licenses\/by-nc-nd\/3.0\/de\/\" target=\"_blank\" rel=\"noopener\">CreativeCommons-Lizenz<\/a>, die nicht-kommerzielle Weitergabe gestattet, sofern auf die Urheber*innen hingewiesen wird.<\/p>\n<\/div>\n<h3>Logos und Typograme:<\/h3>\n<div class=\"uk-panel uk-margin\">\n<p>Das Logo der LesBI*Schwulen T*our, das AndersARTiG-Logo und das zum Logo geh\u00f6rende Typogramm \u201cLandesverband AndersARTiG \u2013 Lesben, Schwule, Bisexuelle &amp; Trans* im Land Brandenburg\u201d oder in seiner Kurzform \u201cAndersARTiG\u201d, sowie andere Logos und Typogramme, die Angebote von AndersARTiG kennzeichnen, d\u00fcrfen von Mitgliedsorganisationen des Landesverbandes AndersARTiG\u00a0 e.V. ohne vorherige Genehmigung durch ebendiesen f\u00fcr eigene Ver\u00f6ffentlichungen verwendet werden, wenn damit die Zugeh\u00f6rigkeit zum Landesverband AndersARTiG dokumentiert werden soll. Jede andere Verwendung ist erst nach vorheriger Genehigung durch den Landesverband AndersARTiG e.V. erlaubt. Die Verwendung des AndersARTiG-Logos und des entsprechenden Typogramms auf Ver\u00f6ffentlichungen, durch Organisationen, Arbeitskreise oder Gremien, die nicht Mitglied des Landesverbandes AndersARTiG e.V. sind, ist ausdr\u00fccklich nur nach vorheriger Genehmigung erlaubt. Dies gilt auch f\u00fcr Mitgliedschaften des Landesverbandes AndersARTiG oder seiner Untergliederungen in Gremien oder Arbeitskreisen. Das Zitieren und Verlinken von Inhalten dieser Webseite ist zu den Bedingungen der genannten Lizenzen ausdr\u00fccklich erlaubt und sogar erw\u00fcnscht<\/p>\n<\/div>\t\t\t\t\t\t\t\t<\/div>\n\t\t\t\t<\/div>\n\t\t\t\t\t<\/div>\n\t\t<\/div>\n\t\t\t\t\t<\/div>\n\t\t<\/section>\n\t\t\t\t<\/div>\n\t\t","protected":false},"excerpt":{"rendered":"<p>Anbieterkennzeichnung gem\u00e4\u00df TMG Anbieter im Sinne des Telemediengesetzes (TMG) ist: Landesverband AndersARTiG e.V. Anschrift: Dortustra\u00dfe 71A \u2013 14467 PotsdamTelefon: (0331) 20 19 888Telefax: (0331) 20 19 797E-Mail: mail@andersartig.info Vereinsregister Registergericht: Amtsgericht PotsdamRegisternummer: VR 2504 P Satzung Die aktuell g\u00fcltige Satzung finden Sie\u00a0hier. Vertretungsberechtigter Vorstand: Michaela Burkard, Vera Spatz, Ha Thao Suong Vu, Micke Guckelsberger, Thomas [&hellip;]<\/p>\n","protected":false},"author":2,"featured_media":0,"parent":0,"menu_order":0,"comment_status":"closed","ping_status":"closed","template":"","meta":{"ocean_post_layout":"","ocean_both_sidebars_style":"","ocean_both_sidebars_content_width":0,"ocean_both_sidebars_sidebars_width":0,"ocean_sidebar":"","ocean_second_sidebar":"","ocean_disable_margins":"enable","ocean_add_body_class":"","ocean_shortcode_before_top_bar":"","ocean_shortcode_after_top_bar":"","ocean_shortcode_before_header":"","ocean_shortcode_after_header":"","ocean_has_shortcode":"","ocean_shortcode_after_title":"","ocean_shortcode_before_footer_widgets":"","ocean_shortcode_after_footer_widgets":"","ocean_shortcode_before_footer_bottom":"","ocean_shortcode_after_footer_bottom":"","ocean_display_top_bar":"default","ocean_display_header":"default","ocean_header_style":"","ocean_center_header_left_menu":"","ocean_custom_header_template":"","ocean_custom_logo":0,"ocean_custom_retina_logo":0,"ocean_custom_logo_max_width":0,"ocean_custom_logo_tablet_max_width":0,"ocean_custom_logo_mobile_max_width":0,"ocean_custom_logo_max_height":0,"ocean_custom_logo_tablet_max_height":0,"ocean_custom_logo_mobile_max_height":0,"ocean_header_custom_menu":"","ocean_menu_typo_font_family":"","ocean_menu_typo_font_subset":"","ocean_menu_typo_font_size":0,"ocean_menu_typo_font_size_tablet":0,"ocean_menu_typo_font_size_mobile":0,"ocean_menu_typo_font_size_unit":"px","ocean_menu_typo_font_weight":"","ocean_menu_typo_font_weight_tablet":"","ocean_menu_typo_font_weight_mobile":"","ocean_menu_typo_transform":"","ocean_menu_typo_transform_tablet":"","ocean_menu_typo_transform_mobile":"","ocean_menu_typo_line_height":0,"ocean_menu_typo_line_height_tablet":0,"ocean_menu_typo_line_height_mobile":0,"ocean_menu_typo_line_height_unit":"","ocean_menu_typo_spacing":0,"ocean_menu_typo_spacing_tablet":0,"ocean_menu_typo_spacing_mobile":0,"ocean_menu_typo_spacing_unit":"","ocean_menu_link_color":"","ocean_menu_link_color_hover":"","ocean_menu_link_color_active":"","ocean_menu_link_background":"","ocean_menu_link_hover_background":"","ocean_menu_link_active_background":"","ocean_menu_social_links_bg":"","ocean_menu_social_hover_links_bg":"","ocean_menu_social_links_color":"","ocean_menu_social_hover_links_color":"","ocean_disable_title":"default","ocean_disable_heading":"default","ocean_post_title":"","ocean_post_subheading":"","ocean_post_title_style":"","ocean_post_title_background_color":"","ocean_post_title_background":0,"ocean_post_title_bg_image_position":"","ocean_post_title_bg_image_attachment":"","ocean_post_title_bg_image_repeat":"","ocean_post_title_bg_image_size":"","ocean_post_title_height":0,"ocean_post_title_bg_overlay":0.5,"ocean_post_title_bg_overlay_color":"","ocean_disable_breadcrumbs":"default","ocean_breadcrumbs_color":"","ocean_breadcrumbs_separator_color":"","ocean_breadcrumbs_links_color":"","ocean_breadcrumbs_links_hover_color":"","ocean_display_footer_widgets":"default","ocean_display_footer_bottom":"default","ocean_custom_footer_template":"","footnotes":""},"class_list":["post-37","page","type-page","status-publish","hentry","entry"],"jetpack_sharing_enabled":true,"_links":{"self":[{"href":"https:\/\/www.brandenburg-bleibt-bunt.de\/index.php?rest_route=\/wp\/v2\/pages\/37","targetHints":{"allow":["GET"]}}],"collection":[{"href":"https:\/\/www.brandenburg-bleibt-bunt.de\/index.php?rest_route=\/wp\/v2\/pages"}],"about":[{"href":"https:\/\/www.brandenburg-bleibt-bunt.de\/index.php?rest_route=\/wp\/v2\/types\/page"}],"author":[{"embeddable":true,"href":"https:\/\/www.brandenburg-bleibt-bunt.de\/index.php?rest_route=\/wp\/v2\/users\/2"}],"replies":[{"embeddable":true,"href":"https:\/\/www.brandenburg-bleibt-bunt.de\/index.php?rest_route=%2Fwp%2Fv2%2Fcomments&post=37"}],"version-history":[{"count":10,"href":"https:\/\/www.brandenburg-bleibt-bunt.de\/index.php?rest_route=\/wp\/v2\/pages\/37\/revisions"}],"predecessor-version":[{"id":1011,"href":"https:\/\/www.brandenburg-bleibt-bunt.de\/index.php?rest_route=\/wp\/v2\/pages\/37\/revisions\/1011"}],"wp:attachment":[{"href":"https:\/\/www.brandenburg-bleibt-bunt.de\/index.php?rest_route=%2Fwp%2Fv2%2Fmedia&parent=37"}],"curies":[{"name":"wp","href":"https:\/\/api.w.org\/{rel}","templated":true}]}}