{"id":379,"date":"2023-08-23T19:24:36","date_gmt":"2023-08-23T17:24:36","guid":{"rendered":"https:\/\/www.brandenburg-bleibt-bunt.de\/?page_id=379"},"modified":"2025-09-05T11:53:08","modified_gmt":"2025-09-05T09:53:08","slug":"organisatoren","status":"publish","type":"page","link":"https:\/\/www.brandenburg-bleibt-bunt.de\/?page_id=379","title":{"rendered":"Organisatoren"},"content":{"rendered":"\t\t<div data-elementor-type=\"wp-page\" data-elementor-id=\"379\" class=\"elementor elementor-379\" data-elementor-post-type=\"page\">\n\t\t\t\t\t\t<section class=\"elementor-section elementor-top-section elementor-element elementor-element-d5162bb elementor-section-full_width elementor-section-height-default elementor-section-height-default\" data-id=\"d5162bb\" data-element_type=\"section\" data-e-type=\"section\">\n\t\t\t\t\t\t<div class=\"elementor-container elementor-column-gap-default\">\n\t\t\t\t\t<div class=\"elementor-column elementor-col-50 elementor-top-column elementor-element elementor-element-2d54b08\" data-id=\"2d54b08\" data-element_type=\"column\" data-e-type=\"column\">\n\t\t\t<div class=\"elementor-widget-wrap elementor-element-populated\">\n\t\t\t\t\t\t<div class=\"elementor-element elementor-element-c1c8a96 elementor-widget elementor-widget-heading\" data-id=\"c1c8a96\" data-element_type=\"widget\" data-e-type=\"widget\" data-widget_type=\"heading.default\">\n\t\t\t\t<div class=\"elementor-widget-container\">\n\t\t\t\t\t<h2 class=\"elementor-heading-title elementor-size-default\">Landesverband AndersARTiG<\/h2>\t\t\t\t<\/div>\n\t\t\t\t<\/div>\n\t\t\t\t<div class=\"elementor-element elementor-element-fcbaa3d elementor-widget elementor-widget-text-editor\" data-id=\"fcbaa3d\" data-element_type=\"widget\" data-e-type=\"widget\" data-widget_type=\"text-editor.default\">\n\t\t\t\t<div class=\"elementor-widget-container\">\n\t\t\t\t\t\t\t\t\t<div class=\"uk-panel uk-margin\">\n<p>Der Landesverband AndersARTiG ist seit 1998 Tr\u00e4ger der LesBI*Schwulen T*our. Der Verband wurde am 5. November 1995 in Cottbus als zweiter Landesverband f\u00fcr Lesben, Schwule, Bisexuelle, Trans*, Inter* und Queers im Land Brandenburg gegr\u00fcndet. Vorausgegangen waren der Gr\u00fcndung eine l\u00e4ngerfristige Auseinandersetzung mit dem zu dieser Zeit bestehenden Landesverband BLuS e.V. Da die dortigen Strukturen als unbefriedigend empfunden wurden und wenig partizipativ waren, lag es nahe einen neuen Landesverband zu gr\u00fcnden, der sich aktiv f\u00fcr queere Belange im Land Brandenburg engagierte. Mit dem Wechsel der Landeskoordinierungsstelle f\u00fcr LesBiSchwule &amp; Trans* Belange, die in dieser Form bereits 1994 bei BLuS e.V. angesiedelt ihre Arbeit aufnahm, war die weitere Arbeit des Landesverbands AndersARTiG e.V. als neuer Tr\u00e4gerverein auf l\u00e4ngere Sicht gesichert.<\/p>\n<p>Unter dem Dach des neuen Landesverbands AndersARTiG sammelten sich im Laufe der Jahre viele Gruppen und Vereine. Neue Projekte und Gruppen kamen hinzu. Das Projekt \u201eBildung unterm Regenbogen\u201c oder die CSD-Touren, die heute als LesBI*Schwule T*our bekannt sind, z\u00e4hlen zu den bekanntesten Projekten des Landesverbands. Mit dem Regenbogenkombinat Brandenburg betreibt der Verband queere Begegnungsorte in Potsdam und Cottbus.<\/p>\n<p>Als Dachverband der queeren Communities ist AndersARTiG als politische Interessenvertretung vor allem auf Landesebene aber auch auf Kreis- und Gemeindeebene sowie gg\u00fc. Anderen Organisationen und Verb\u00e4nden in Brandenburg aktiv.<\/p>\n<\/div>\t\t\t\t\t\t\t\t<\/div>\n\t\t\t\t<\/div>\n\t\t\t\t<div class=\"elementor-element elementor-element-3977a02 elementor-widget elementor-widget-text-editor\" data-id=\"3977a02\" data-element_type=\"widget\" data-e-type=\"widget\" data-widget_type=\"text-editor.default\">\n\t\t\t\t<div class=\"elementor-widget-container\">\n\t\t\t\t\t\t\t\t\t<h3 class=\"wp-block-heading\">Weitere Informationen:<\/h3>\n<p><!-- \/wp:heading --><!-- wp:paragraph --><\/p>\n<p><strong>Landesverband AndersARTiG e.V.<\/strong><br \/>\u2105 Regenbogenkombinat Brandenburg<br \/>Dortustra\u00dfe 71A<br \/>14467 Potsdam<\/p>\n<p><!-- \/wp:paragraph --><!-- wp:paragraph --><\/p>\n<p>Telefon:<a href=\"tel:+493312019888\">(0331) 20 19 888<\/a><br \/>Telefax: (0331) 20 19 797<br \/>E-Mail:\u00a0<a href=\"mailto:mail@andersartig.info\">mail@andersartig.info<\/a><br \/>Internet:\u00a0<a href=\"https:\/\/www.andersartig.info\" target=\"_blank\" rel=\"noreferrer noopener\" data-type=\"link\" data-id=\"https:\/\/www.andersartig.info\">www.andersartig.info<\/a><\/p>\t\t\t\t\t\t\t\t<\/div>\n\t\t\t\t<\/div>\n\t\t\t\t\t<\/div>\n\t\t<\/div>\n\t\t\t\t<div class=\"elementor-column elementor-col-50 elementor-top-column elementor-element elementor-element-88d9b58\" data-id=\"88d9b58\" data-element_type=\"column\" data-e-type=\"column\">\n\t\t\t<div class=\"elementor-widget-wrap elementor-element-populated\">\n\t\t\t\t\t\t<div class=\"elementor-element elementor-element-24234d2 elementor-widget elementor-widget-image\" data-id=\"24234d2\" data-element_type=\"widget\" data-e-type=\"widget\" data-widget_type=\"image.default\">\n\t\t\t\t<div class=\"elementor-widget-container\">\n\t\t\t\t\t\t\t\t\t\t\t\t\t\t\t<img fetchpriority=\"high\" decoding=\"async\" width=\"300\" height=\"300\" src=\"https:\/\/www.brandenburg-bleibt-bunt.de\/wp-content\/uploads\/2023\/08\/AndersARTiG-Kompakt.png\" class=\"attachment-large size-large wp-image-380\" alt=\"\" srcset=\"https:\/\/www.brandenburg-bleibt-bunt.de\/wp-content\/uploads\/2023\/08\/AndersARTiG-Kompakt.png 300w, https:\/\/www.brandenburg-bleibt-bunt.de\/wp-content\/uploads\/2023\/08\/AndersARTiG-Kompakt-150x150.png 150w\" sizes=\"(max-width: 300px) 100vw, 300px\" \/>\t\t\t\t\t\t\t\t\t\t\t\t\t\t\t<\/div>\n\t\t\t\t<\/div>\n\t\t\t\t\t<\/div>\n\t\t<\/div>\n\t\t\t\t\t<\/div>\n\t\t<\/section>\n\t\t\t\t<\/div>\n\t\t","protected":false},"excerpt":{"rendered":"<p>Landesverband AndersARTiG Der Landesverband AndersARTiG ist seit 1998 Tr\u00e4ger der LesBI*Schwulen T*our. Der Verband wurde am 5. November 1995 in Cottbus als zweiter Landesverband f\u00fcr Lesben, Schwule, Bisexuelle, Trans*, Inter* und Queers im Land Brandenburg gegr\u00fcndet. Vorausgegangen waren der Gr\u00fcndung eine l\u00e4ngerfristige Auseinandersetzung mit dem zu dieser Zeit bestehenden Landesverband BLuS e.V. Da die dortigen [&hellip;]<\/p>\n","protected":false},"author":3,"featured_media":0,"parent":356,"menu_order":0,"comment_status":"closed","ping_status":"closed","template":"","meta":{"ocean_post_layout":"","ocean_both_sidebars_style":"","ocean_both_sidebars_content_width":0,"ocean_both_sidebars_sidebars_width":0,"ocean_sidebar":"0","ocean_second_sidebar":"0","ocean_disable_margins":"enable","ocean_add_body_class":"","ocean_shortcode_before_top_bar":"","ocean_shortcode_after_top_bar":"","ocean_shortcode_before_header":"","ocean_shortcode_after_header":"","ocean_has_shortcode":"","ocean_shortcode_after_title":"","ocean_shortcode_before_footer_widgets":"","ocean_shortcode_after_footer_widgets":"","ocean_shortcode_before_footer_bottom":"","ocean_shortcode_after_footer_bottom":"","ocean_display_top_bar":"default","ocean_display_header":"default","ocean_header_style":"","ocean_center_header_left_menu":"0","ocean_custom_header_template":"0","ocean_custom_logo":0,"ocean_custom_retina_logo":0,"ocean_custom_logo_max_width":0,"ocean_custom_logo_tablet_max_width":0,"ocean_custom_logo_mobile_max_width":0,"ocean_custom_logo_max_height":0,"ocean_custom_logo_tablet_max_height":0,"ocean_custom_logo_mobile_max_height":0,"ocean_header_custom_menu":"0","ocean_menu_typo_font_family":"0","ocean_menu_typo_font_subset":"","ocean_menu_typo_font_size":0,"ocean_menu_typo_font_size_tablet":0,"ocean_menu_typo_font_size_mobile":0,"ocean_menu_typo_font_size_unit":"px","ocean_menu_typo_font_weight":"","ocean_menu_typo_font_weight_tablet":"","ocean_menu_typo_font_weight_mobile":"","ocean_menu_typo_transform":"","ocean_menu_typo_transform_tablet":"","ocean_menu_typo_transform_mobile":"","ocean_menu_typo_line_height":0,"ocean_menu_typo_line_height_tablet":0,"ocean_menu_typo_line_height_mobile":0,"ocean_menu_typo_line_height_unit":"","ocean_menu_typo_spacing":0,"ocean_menu_typo_spacing_tablet":0,"ocean_menu_typo_spacing_mobile":0,"ocean_menu_typo_spacing_unit":"","ocean_menu_link_color":"","ocean_menu_link_color_hover":"","ocean_menu_link_color_active":"","ocean_menu_link_background":"","ocean_menu_link_hover_background":"","ocean_menu_link_active_background":"","ocean_menu_social_links_bg":"","ocean_menu_social_hover_links_bg":"","ocean_menu_social_links_color":"","ocean_menu_social_hover_links_color":"","ocean_disable_title":"default","ocean_disable_heading":"default","ocean_post_title":"","ocean_post_subheading":"","ocean_post_title_style":"","ocean_post_title_background_color":"","ocean_post_title_background":0,"ocean_post_title_bg_image_position":"","ocean_post_title_bg_image_attachment":"","ocean_post_title_bg_image_repeat":"","ocean_post_title_bg_image_size":"","ocean_post_title_height":0,"ocean_post_title_bg_overlay":0.5,"ocean_post_title_bg_overlay_color":"","ocean_disable_breadcrumbs":"default","ocean_breadcrumbs_color":"","ocean_breadcrumbs_separator_color":"","ocean_breadcrumbs_links_color":"","ocean_breadcrumbs_links_hover_color":"","ocean_display_footer_widgets":"default","ocean_display_footer_bottom":"default","ocean_custom_footer_template":"0","footnotes":""},"class_list":["post-379","page","type-page","status-publish","hentry","entry"],"jetpack_sharing_enabled":true,"_links":{"self":[{"href":"https:\/\/www.brandenburg-bleibt-bunt.de\/index.php?rest_route=\/wp\/v2\/pages\/379","targetHints":{"allow":["GET"]}}],"collection":[{"href":"https:\/\/www.brandenburg-bleibt-bunt.de\/index.php?rest_route=\/wp\/v2\/pages"}],"about":[{"href":"https:\/\/www.brandenburg-bleibt-bunt.de\/index.php?rest_route=\/wp\/v2\/types\/page"}],"author":[{"embeddable":true,"href":"https:\/\/www.brandenburg-bleibt-bunt.de\/index.php?rest_route=\/wp\/v2\/users\/3"}],"replies":[{"embeddable":true,"href":"https:\/\/www.brandenburg-bleibt-bunt.de\/index.php?rest_route=%2Fwp%2Fv2%2Fcomments&post=379"}],"version-history":[{"count":5,"href":"https:\/\/www.brandenburg-bleibt-bunt.de\/index.php?rest_route=\/wp\/v2\/pages\/379\/revisions"}],"predecessor-version":[{"id":1038,"href":"https:\/\/www.brandenburg-bleibt-bunt.de\/index.php?rest_route=\/wp\/v2\/pages\/379\/revisions\/1038"}],"up":[{"embeddable":true,"href":"https:\/\/www.brandenburg-bleibt-bunt.de\/index.php?rest_route=\/wp\/v2\/pages\/356"}],"wp:attachment":[{"href":"https:\/\/www.brandenburg-bleibt-bunt.de\/index.php?rest_route=%2Fwp%2Fv2%2Fmedia&parent=379"}],"curies":[{"name":"wp","href":"https:\/\/api.w.org\/{rel}","templated":true}]}}