{"id":874,"date":"2025-06-15T19:48:05","date_gmt":"2025-06-15T17:48:05","guid":{"rendered":"https:\/\/www.brandenburg-bleibt-bunt.de\/?page_id=874"},"modified":"2025-09-17T10:25:46","modified_gmt":"2025-09-17T08:25:46","slug":"die-tourwoche","status":"publish","type":"page","link":"https:\/\/www.brandenburg-bleibt-bunt.de\/?page_id=874","title":{"rendered":"Die Tourwoche"},"content":{"rendered":"\t\t<div data-elementor-type=\"wp-page\" data-elementor-id=\"874\" class=\"elementor elementor-874\" data-elementor-post-type=\"page\">\n\t\t\t\t\t\t<section class=\"elementor-section elementor-top-section elementor-element elementor-element-0bdb154 elementor-section-full_width elementor-section-height-default elementor-section-height-default\" data-id=\"0bdb154\" data-element_type=\"section\" data-e-type=\"section\">\n\t\t\t\t\t\t<div class=\"elementor-container elementor-column-gap-default\">\n\t\t\t\t\t<div class=\"elementor-column elementor-col-100 elementor-top-column elementor-element elementor-element-61e0753\" data-id=\"61e0753\" data-element_type=\"column\" data-e-type=\"column\">\n\t\t\t<div class=\"elementor-widget-wrap elementor-element-populated\">\n\t\t\t\t\t\t<div class=\"elementor-element elementor-element-eea045b elementor-widget elementor-widget-heading\" data-id=\"eea045b\" data-element_type=\"widget\" data-e-type=\"widget\" data-widget_type=\"heading.default\">\n\t\t\t\t<div class=\"elementor-widget-container\">\n\t\t\t\t\t<h2 class=\"elementor-heading-title elementor-size-default\">Die Tourwoche im Landkreis M\u00e4rkisch-Oderland<\/h2>\t\t\t\t<\/div>\n\t\t\t\t<\/div>\n\t\t\t\t\t<\/div>\n\t\t<\/div>\n\t\t\t\t\t<\/div>\n\t\t<\/section>\n\t\t\t\t<section class=\"elementor-section elementor-top-section elementor-element elementor-element-6d36c2f elementor-section-full_width elementor-section-height-default elementor-section-height-default\" data-id=\"6d36c2f\" data-element_type=\"section\" data-e-type=\"section\">\n\t\t\t\t\t\t<div class=\"elementor-container elementor-column-gap-default\">\n\t\t\t\t\t<div class=\"elementor-column elementor-col-50 elementor-top-column elementor-element elementor-element-556cf9c\" data-id=\"556cf9c\" data-element_type=\"column\" data-e-type=\"column\">\n\t\t\t<div class=\"elementor-widget-wrap elementor-element-populated\">\n\t\t\t\t\t\t<div class=\"elementor-element elementor-element-2630f66 elementor-widget elementor-widget-text-editor\" data-id=\"2630f66\" data-element_type=\"widget\" data-e-type=\"widget\" data-widget_type=\"text-editor.default\">\n\t\t\t\t<div class=\"elementor-widget-container\">\n\t\t\t\t\t\t\t\t\t<p>Seit 1998 ist die LesBI*Schwule T*our unterwegs in Sachen Aufkl\u00e4rung und Beratung zu lesbischen, schwulen, bisexuellen, trans*, inter* und queeren Lebensweisen im Land Brandenburg.<br \/>Jahr f\u00fcr Jahr steuert ein Team aus etwa 15 Leuten verschiedene Landkreise an um vor Ort f\u00fcr Akzeptanz und gegen Diskriminierung zu werben.<\/p><p>2022 waren wir so im Landkreis Dahme-Spreewald, 2023 im Landkreis Barnim und 2024 im Landkreis Uckermark.\u00a0<br \/>2025 geht\u2019s vom 15. \u2013 19. September in den Landkreis M\u00e4rkisch-Oderland.<\/p>\t\t\t\t\t\t\t\t<\/div>\n\t\t\t\t<\/div>\n\t\t\t\t\t<\/div>\n\t\t<\/div>\n\t\t\t\t<div class=\"elementor-column elementor-col-50 elementor-top-column elementor-element elementor-element-d98593b\" data-id=\"d98593b\" data-element_type=\"column\" data-e-type=\"column\">\n\t\t\t<div class=\"elementor-widget-wrap elementor-element-populated\">\n\t\t\t\t\t\t<div class=\"elementor-element elementor-element-bbacc7b elementor-widget elementor-widget-image\" data-id=\"bbacc7b\" data-element_type=\"widget\" data-e-type=\"widget\" data-widget_type=\"image.default\">\n\t\t\t\t<div class=\"elementor-widget-container\">\n\t\t\t\t\t\t\t\t\t\t\t\t\t\t\t<img fetchpriority=\"high\" decoding=\"async\" width=\"1000\" height=\"1000\" src=\"https:\/\/www.brandenburg-bleibt-bunt.de\/wp-content\/uploads\/2025\/08\/Tourkarte2025-1.png\" class=\"attachment-large size-large wp-image-1015\" alt=\"\" srcset=\"https:\/\/www.brandenburg-bleibt-bunt.de\/wp-content\/uploads\/2025\/08\/Tourkarte2025-1.png 1000w, https:\/\/www.brandenburg-bleibt-bunt.de\/wp-content\/uploads\/2025\/08\/Tourkarte2025-1-300x300.png 300w, https:\/\/www.brandenburg-bleibt-bunt.de\/wp-content\/uploads\/2025\/08\/Tourkarte2025-1-150x150.png 150w, https:\/\/www.brandenburg-bleibt-bunt.de\/wp-content\/uploads\/2025\/08\/Tourkarte2025-1-768x768.png 768w, https:\/\/www.brandenburg-bleibt-bunt.de\/wp-content\/uploads\/2025\/08\/Tourkarte2025-1-600x600.png 600w\" sizes=\"(max-width: 1000px) 100vw, 1000px\" \/>\t\t\t\t\t\t\t\t\t\t\t\t\t\t\t<\/div>\n\t\t\t\t<\/div>\n\t\t\t\t\t<\/div>\n\t\t<\/div>\n\t\t\t\t\t<\/div>\n\t\t<\/section>\n\t\t\t\t<section class=\"elementor-section elementor-top-section elementor-element elementor-element-469ee40 elementor-section-full_width elementor-section-height-default elementor-section-height-default\" data-id=\"469ee40\" data-element_type=\"section\" data-e-type=\"section\">\n\t\t\t\t\t\t<div class=\"elementor-container elementor-column-gap-default\">\n\t\t\t\t\t<div class=\"elementor-column elementor-col-100 elementor-top-column elementor-element elementor-element-f7e4ada\" data-id=\"f7e4ada\" data-element_type=\"column\" data-e-type=\"column\">\n\t\t\t<div class=\"elementor-widget-wrap elementor-element-populated\">\n\t\t\t\t\t\t<div class=\"elementor-element elementor-element-f66da0d elementor-widget elementor-widget-spacer\" data-id=\"f66da0d\" data-element_type=\"widget\" data-e-type=\"widget\" data-widget_type=\"spacer.default\">\n\t\t\t\t<div class=\"elementor-widget-container\">\n\t\t\t\t\t\t\t<div class=\"elementor-spacer\">\n\t\t\t<div class=\"elementor-spacer-inner\"><\/div>\n\t\t<\/div>\n\t\t\t\t\t\t<\/div>\n\t\t\t\t<\/div>\n\t\t\t\t\t<\/div>\n\t\t<\/div>\n\t\t\t\t\t<\/div>\n\t\t<\/section>\n\t\t\t\t<section class=\"elementor-section elementor-top-section elementor-element elementor-element-d9ca732 elementor-section-full_width elementor-section-height-default elementor-section-height-default\" data-id=\"d9ca732\" data-element_type=\"section\" data-e-type=\"section\">\n\t\t\t\t\t\t<div class=\"elementor-container elementor-column-gap-default\">\n\t\t\t\t\t<div class=\"elementor-column elementor-col-33 elementor-top-column elementor-element elementor-element-942c744\" data-id=\"942c744\" data-element_type=\"column\" data-e-type=\"column\">\n\t\t\t<div class=\"elementor-widget-wrap elementor-element-populated\">\n\t\t\t\t\t\t<div class=\"elementor-element elementor-element-11bcfec elementor-absolute elementor-hidden-tablet elementor-hidden-mobile elementor-widget elementor-widget-image\" data-id=\"11bcfec\" data-element_type=\"widget\" data-e-type=\"widget\" data-settings=\"{&quot;_position&quot;:&quot;absolute&quot;,&quot;sticky&quot;:&quot;top&quot;,&quot;sticky_offset&quot;:180,&quot;sticky_on&quot;:[&quot;desktop&quot;,&quot;tablet&quot;,&quot;mobile&quot;],&quot;sticky_effects_offset&quot;:0,&quot;sticky_anchor_link_offset&quot;:0}\" data-widget_type=\"image.default\">\n\t\t\t\t<div class=\"elementor-widget-container\">\n\t\t\t\t\t\t\t\t\t\t\t\t\t\t\t<img decoding=\"async\" width=\"711\" height=\"389\" src=\"https:\/\/www.brandenburg-bleibt-bunt.de\/wp-content\/uploads\/2025\/08\/Tourkarte2025_MOL_Neu.png\" class=\"attachment-large size-large wp-image-1014\" alt=\"\" srcset=\"https:\/\/www.brandenburg-bleibt-bunt.de\/wp-content\/uploads\/2025\/08\/Tourkarte2025_MOL_Neu.png 711w, https:\/\/www.brandenburg-bleibt-bunt.de\/wp-content\/uploads\/2025\/08\/Tourkarte2025_MOL_Neu-300x164.png 300w\" sizes=\"(max-width: 711px) 100vw, 711px\" \/>\t\t\t\t\t\t\t\t\t\t\t\t\t\t\t<\/div>\n\t\t\t\t<\/div>\n\t\t\t\t\t<\/div>\n\t\t<\/div>\n\t\t\t\t<div class=\"elementor-column elementor-col-66 elementor-top-column elementor-element elementor-element-8a6105a\" data-id=\"8a6105a\" data-element_type=\"column\" data-e-type=\"column\">\n\t\t\t<div class=\"elementor-widget-wrap elementor-element-populated\">\n\t\t\t\t\t\t<div class=\"elementor-element elementor-element-dd6cff6 elementor-widget elementor-widget-menu-anchor\" data-id=\"dd6cff6\" data-element_type=\"widget\" data-e-type=\"widget\" data-widget_type=\"menu-anchor.default\">\n\t\t\t\t<div class=\"elementor-widget-container\">\n\t\t\t\t\t\t\t<div class=\"elementor-menu-anchor\" id=\"Auftakt\"><\/div>\n\t\t\t\t\t\t<\/div>\n\t\t\t\t<\/div>\n\t\t\t\t<div class=\"elementor-element elementor-element-e3f516e elementor-widget elementor-widget-heading\" data-id=\"e3f516e\" data-element_type=\"widget\" data-e-type=\"widget\" data-widget_type=\"heading.default\">\n\t\t\t\t<div class=\"elementor-widget-container\">\n\t\t\t\t\t<h2 class=\"elementor-heading-title elementor-size-default\">Samstag, 13.09. - Tourauftakt Potsdam<\/h2>\t\t\t\t<\/div>\n\t\t\t\t<\/div>\n\t\t\t\t<div class=\"elementor-element elementor-element-9d71e46 elementor-widget elementor-widget-text-editor\" data-id=\"9d71e46\" data-element_type=\"widget\" data-e-type=\"widget\" data-widget_type=\"text-editor.default\">\n\t\t\t\t<div class=\"elementor-widget-container\">\n\t\t\t\t\t\t\t\t\t<p>Traditionsgem\u00e4\u00df startet die LesBI*Schwule T*our in der Landeshauptstadt Potsdam.<\/p><ul><li>ca. 11:00 &#8211; 15:00 <strong>Infostand<\/strong> an der Brandenburger Stra\u00dfe Ecke Hermann-Elflein-Stra\u00dfe<\/li><li>ab 12:00 Auftaktshow mit<ul><li>Er\u00f6ffnung mit der Landesgleichstellungsbeauftragten Dr. Uta Kletzing und der Gleichstellungsbeauftragten der Stadt Potsdam Claudia Sprengel<\/li><li>B\u00fchnenprogramm mit Dan the Man with Flan, Misses Ginnie und Miss Lilli Moon<\/li><li>Moderation von Miss Cherry Moonlight<\/li><\/ul><\/li><\/ul>\t\t\t\t\t\t\t\t<\/div>\n\t\t\t\t<\/div>\n\t\t\t\t<div class=\"elementor-element elementor-element-51fb442 elementor-widget-divider--view-line elementor-widget elementor-widget-divider\" data-id=\"51fb442\" data-element_type=\"widget\" data-e-type=\"widget\" data-widget_type=\"divider.default\">\n\t\t\t\t<div class=\"elementor-widget-container\">\n\t\t\t\t\t\t\t<div class=\"elementor-divider\">\n\t\t\t<span class=\"elementor-divider-separator\">\n\t\t\t\t\t\t<\/span>\n\t\t<\/div>\n\t\t\t\t\t\t<\/div>\n\t\t\t\t<\/div>\n\t\t\t\t<div class=\"elementor-element elementor-element-ca91a1e elementor-widget elementor-widget-menu-anchor\" data-id=\"ca91a1e\" data-element_type=\"widget\" data-e-type=\"widget\" data-widget_type=\"menu-anchor.default\">\n\t\t\t\t<div class=\"elementor-widget-container\">\n\t\t\t\t\t\t\t<div class=\"elementor-menu-anchor\" id=\"Montag\"><\/div>\n\t\t\t\t\t\t<\/div>\n\t\t\t\t<\/div>\n\t\t\t\t<div class=\"elementor-element elementor-element-6a9f7b1 elementor-widget elementor-widget-heading\" data-id=\"6a9f7b1\" data-element_type=\"widget\" data-e-type=\"widget\" data-widget_type=\"heading.default\">\n\t\t\t\t<div class=\"elementor-widget-container\">\n\t\t\t\t\t<h2 class=\"elementor-heading-title elementor-size-default\">Montag, 15.09. - Strausberg<\/h2>\t\t\t\t<\/div>\n\t\t\t\t<\/div>\n\t\t\t\t<div class=\"elementor-element elementor-element-ad9bea6 elementor-widget elementor-widget-text-editor\" data-id=\"ad9bea6\" data-element_type=\"widget\" data-e-type=\"widget\" data-widget_type=\"text-editor.default\">\n\t\t\t\t<div class=\"elementor-widget-container\">\n\t\t\t\t\t\t\t\t\t<p><strong>Termine:<\/strong><\/p><ul><li>ca. 09:00 &#8211; 16:00 <strong>Infostand <\/strong>an der Ecke Gro\u00dfe Stra\u00dfe \/ Georg-Kurtze-Stra\u00dfe (ca. <a href=\"https:\/\/maps.app.goo.gl\/CAwxRFiLz8VRX1Qf7\">hier<\/a>)<ul><li>Kommt vorbei, kommt mit uns ins Gespr\u00e4ch und nehmt euch Info-Materialien und Sticker mit<\/li><\/ul><\/li><li>10:30<strong> Flaggenhissung<\/strong> an der Stadtverwaltung<ul><li>Wir hissen gemeinsam mit Vertreter*innen der Stadt die Regenbogenfahne<\/li><\/ul><\/li><\/ul>\t\t\t\t\t\t\t\t<\/div>\n\t\t\t\t<\/div>\n\t\t\t\t<div class=\"elementor-element elementor-element-00f4764 elementor-widget-divider--view-line elementor-widget elementor-widget-divider\" data-id=\"00f4764\" data-element_type=\"widget\" data-e-type=\"widget\" data-widget_type=\"divider.default\">\n\t\t\t\t<div class=\"elementor-widget-container\">\n\t\t\t\t\t\t\t<div class=\"elementor-divider\">\n\t\t\t<span class=\"elementor-divider-separator\">\n\t\t\t\t\t\t<\/span>\n\t\t<\/div>\n\t\t\t\t\t\t<\/div>\n\t\t\t\t<\/div>\n\t\t\t\t<div class=\"elementor-element elementor-element-5509290 elementor-widget elementor-widget-menu-anchor\" data-id=\"5509290\" data-element_type=\"widget\" data-e-type=\"widget\" data-widget_type=\"menu-anchor.default\">\n\t\t\t\t<div class=\"elementor-widget-container\">\n\t\t\t\t\t\t\t<div class=\"elementor-menu-anchor\" id=\"Dienstag\"><\/div>\n\t\t\t\t\t\t<\/div>\n\t\t\t\t<\/div>\n\t\t\t\t<div class=\"elementor-element elementor-element-c29d9f3 elementor-widget elementor-widget-heading\" data-id=\"c29d9f3\" data-element_type=\"widget\" data-e-type=\"widget\" data-widget_type=\"heading.default\">\n\t\t\t\t<div class=\"elementor-widget-container\">\n\t\t\t\t\t<h2 class=\"elementor-heading-title elementor-size-default\">Dienstag, 16.09. - M\u00fcncheberg<\/h2>\t\t\t\t<\/div>\n\t\t\t\t<\/div>\n\t\t\t\t<div class=\"elementor-element elementor-element-106d5bf elementor-widget elementor-widget-text-editor\" data-id=\"106d5bf\" data-element_type=\"widget\" data-e-type=\"widget\" data-widget_type=\"text-editor.default\">\n\t\t\t\t<div class=\"elementor-widget-container\">\n\t\t\t\t\t\t\t\t\t<p><strong>Termine:<\/strong><\/p><ul><li>ca. 09:00 &#8211; 16:00 <strong>Infostand <\/strong>auf dem Marktplatz (ca. <a href=\"https:\/\/maps.app.goo.gl\/jhzbk3eWaJfDx6JL7\">hier<\/a>)<ul><li>Kommt vorbei, kommt mit uns ins Gespr\u00e4ch und nehmt euch Info-Materialien und Sticker mit<\/li><\/ul><\/li><li>In M\u00fcncheberg wird es leider keine Flaggenhissung geben, die Stadt m\u00f6chte sich &#8222;aufgrund des sich aus dem Grundgesetz ergebenden politischen Neutralit\u00e4tsgebot der Exekutive&#8220; nicht an unserer Veranstaltung beteiligen.<\/li><li>10:00 <strong>Flaggenhissung<\/strong> an der Kreisverwaltung M\u00e4rkisch-Oderland in <strong>Seelow<\/strong><ul><li>Wir hissen gemeinsam mit Vertreter*innen des Landkreises die Regenbogenfahne<\/li><\/ul><\/li><\/ul>\t\t\t\t\t\t\t\t<\/div>\n\t\t\t\t<\/div>\n\t\t\t\t<div class=\"elementor-element elementor-element-676cc9b elementor-widget-divider--view-line elementor-widget elementor-widget-divider\" data-id=\"676cc9b\" data-element_type=\"widget\" data-e-type=\"widget\" data-widget_type=\"divider.default\">\n\t\t\t\t<div class=\"elementor-widget-container\">\n\t\t\t\t\t\t\t<div class=\"elementor-divider\">\n\t\t\t<span class=\"elementor-divider-separator\">\n\t\t\t\t\t\t<\/span>\n\t\t<\/div>\n\t\t\t\t\t\t<\/div>\n\t\t\t\t<\/div>\n\t\t\t\t<div class=\"elementor-element elementor-element-af61b0e elementor-widget elementor-widget-menu-anchor\" data-id=\"af61b0e\" data-element_type=\"widget\" data-e-type=\"widget\" data-widget_type=\"menu-anchor.default\">\n\t\t\t\t<div class=\"elementor-widget-container\">\n\t\t\t\t\t\t\t<div class=\"elementor-menu-anchor\" id=\"Mittwoch\"><\/div>\n\t\t\t\t\t\t<\/div>\n\t\t\t\t<\/div>\n\t\t\t\t<div class=\"elementor-element elementor-element-25de160 elementor-widget elementor-widget-heading\" data-id=\"25de160\" data-element_type=\"widget\" data-e-type=\"widget\" data-widget_type=\"heading.default\">\n\t\t\t\t<div class=\"elementor-widget-container\">\n\t\t\t\t\t<h2 class=\"elementor-heading-title elementor-size-default\">Mittwoch, 17.09. - Altlandsberg<\/h2>\t\t\t\t<\/div>\n\t\t\t\t<\/div>\n\t\t\t\t<div class=\"elementor-element elementor-element-ac70a28 elementor-widget elementor-widget-text-editor\" data-id=\"ac70a28\" data-element_type=\"widget\" data-e-type=\"widget\" data-widget_type=\"text-editor.default\">\n\t\t\t\t<div class=\"elementor-widget-container\">\n\t\t\t\t\t\t\t\t\t<p><strong>Termine:<\/strong><\/p><ul><li>ca. 09:00 &#8211; 16:00 <strong>Infostand <\/strong>auf dem Marktplatz (ca. <a href=\"https:\/\/maps.app.goo.gl\/ePCdQCvyBhB73bRG7\">hier<\/a>)<ul><li>Kommt vorbei, kommt mit uns ins Gespr\u00e4ch und nehmt euch Info-Materialien und Sticker mit<\/li><\/ul><\/li><li>In Altlandsberg wird es leider keine Flaggenhissung geben. Die Stadt Altlandsberg beruft sich auf die Flaggenverordnung des Landes Brandenurg und hisst ausschlie\u00dflich Hoheitsflaggen.<\/li><li>15:30 &#8211; 18:30 <strong>Filmvorf\u00fchrung<\/strong> im Familienzentrum <strong>Rehfelde<\/strong><ul><li>Wir zeigen den T*our-Film und kommen gerne anschlie\u00dfend mit euch ins Gespr\u00e4ch<\/li><\/ul><\/li><\/ul>\t\t\t\t\t\t\t\t<\/div>\n\t\t\t\t<\/div>\n\t\t\t\t<div class=\"elementor-element elementor-element-5a96bf7 elementor-widget-divider--view-line elementor-widget elementor-widget-divider\" data-id=\"5a96bf7\" data-element_type=\"widget\" data-e-type=\"widget\" data-widget_type=\"divider.default\">\n\t\t\t\t<div class=\"elementor-widget-container\">\n\t\t\t\t\t\t\t<div class=\"elementor-divider\">\n\t\t\t<span class=\"elementor-divider-separator\">\n\t\t\t\t\t\t<\/span>\n\t\t<\/div>\n\t\t\t\t\t\t<\/div>\n\t\t\t\t<\/div>\n\t\t\t\t<div class=\"elementor-element elementor-element-acac358 elementor-widget elementor-widget-menu-anchor\" data-id=\"acac358\" data-element_type=\"widget\" data-e-type=\"widget\" data-widget_type=\"menu-anchor.default\">\n\t\t\t\t<div class=\"elementor-widget-container\">\n\t\t\t\t\t\t\t<div class=\"elementor-menu-anchor\" id=\"Donnerstag\"><\/div>\n\t\t\t\t\t\t<\/div>\n\t\t\t\t<\/div>\n\t\t\t\t<div class=\"elementor-element elementor-element-fff2592 elementor-widget elementor-widget-heading\" data-id=\"fff2592\" data-element_type=\"widget\" data-e-type=\"widget\" data-widget_type=\"heading.default\">\n\t\t\t\t<div class=\"elementor-widget-container\">\n\t\t\t\t\t<h2 class=\"elementor-heading-title elementor-size-default\">Donnerstag, 18.09. - Bad Freienwalde<\/h2>\t\t\t\t<\/div>\n\t\t\t\t<\/div>\n\t\t\t\t<div class=\"elementor-element elementor-element-44936f7 elementor-widget elementor-widget-text-editor\" data-id=\"44936f7\" data-element_type=\"widget\" data-e-type=\"widget\" data-widget_type=\"text-editor.default\">\n\t\t\t\t<div class=\"elementor-widget-container\">\n\t\t\t\t\t\t\t\t\t<p><strong>Termine:<\/strong><\/p><ul><li>ca. 09:00 &#8211; 16:00 <strong>Infostand <\/strong>auf dem Wochenmarkt (ca. <a href=\"https:\/\/maps.app.goo.gl\/GyE3Ea7DWE7FvhPW6\">hier<\/a>)<ul><li>Kommt vorbei, kommt mit uns ins Gespr\u00e4ch und nehmt euch Info-Materialien und Sticker mit<\/li><\/ul><\/li><li>18:30 &#8211; 21:00 <strong>Chanson-Abend<\/strong> im Th\u00e4lmanns in <strong>M\u00fcncheberg<\/strong><ul><li>Kommt vorbei, lasst euch bei einem leckeren Getr\u00e4nk von uns unterhalten und unterhaltet euch zwischendurch mit uns.\u00a0<\/li><\/ul><\/li><\/ul>\t\t\t\t\t\t\t\t<\/div>\n\t\t\t\t<\/div>\n\t\t\t\t<div class=\"elementor-element elementor-element-561c1c1 elementor-widget-divider--view-line elementor-widget elementor-widget-divider\" data-id=\"561c1c1\" data-element_type=\"widget\" data-e-type=\"widget\" data-widget_type=\"divider.default\">\n\t\t\t\t<div class=\"elementor-widget-container\">\n\t\t\t\t\t\t\t<div class=\"elementor-divider\">\n\t\t\t<span class=\"elementor-divider-separator\">\n\t\t\t\t\t\t<\/span>\n\t\t<\/div>\n\t\t\t\t\t\t<\/div>\n\t\t\t\t<\/div>\n\t\t\t\t<div class=\"elementor-element elementor-element-f49b1a9 elementor-widget elementor-widget-menu-anchor\" data-id=\"f49b1a9\" data-element_type=\"widget\" data-e-type=\"widget\" data-widget_type=\"menu-anchor.default\">\n\t\t\t\t<div class=\"elementor-widget-container\">\n\t\t\t\t\t\t\t<div class=\"elementor-menu-anchor\" id=\"Freitag\"><\/div>\n\t\t\t\t\t\t<\/div>\n\t\t\t\t<\/div>\n\t\t\t\t<div class=\"elementor-element elementor-element-3c52df1 elementor-widget elementor-widget-heading\" data-id=\"3c52df1\" data-element_type=\"widget\" data-e-type=\"widget\" data-widget_type=\"heading.default\">\n\t\t\t\t<div class=\"elementor-widget-container\">\n\t\t\t\t\t<h2 class=\"elementor-heading-title elementor-size-default\">Freitag, 19.09. - Wriezen<\/h2>\t\t\t\t<\/div>\n\t\t\t\t<\/div>\n\t\t\t\t<div class=\"elementor-element elementor-element-babf8c1 elementor-widget elementor-widget-text-editor\" data-id=\"babf8c1\" data-element_type=\"widget\" data-e-type=\"widget\" data-widget_type=\"text-editor.default\">\n\t\t\t\t<div class=\"elementor-widget-container\">\n\t\t\t\t\t\t\t\t\t<p><strong>Termine:<\/strong><\/p><ul><li>09:00 &#8211; 14:00 <strong>Infostand<\/strong> auf dem Wochenmarkt (ca. <a href=\"https:\/\/maps.app.goo.gl\/1sTndKya5y6hY9j1A\">hier<\/a>)<ul><li>Kommt vorbei, kommt mit uns ins Gespr\u00e4ch und nehmt euch Info-Materialien und Sticker mit<\/li><\/ul><\/li><li>09:00 &#8211; 15:00 <strong>Fachkr\u00e4fteworkshop<\/strong> im Jugendzentrum OFFi in <strong>Bad Freienwalde<\/strong><ul><li>Anmeldung via E-Mail an <a href=\"mailto:info@brandenburg-bleibt-bunt.de\">info@brandenburg-bleibt-bunt.de<\/a><\/li><li>Mehr Infos zu unseren Fachkr\u00e4fteworkshops gibt es <a href=\"https:\/\/www.brandenburg-bleibt-bunt.de\/?page_id=832\">hier<\/a><\/li><\/ul><\/li><\/ul>\t\t\t\t\t\t\t\t<\/div>\n\t\t\t\t<\/div>\n\t\t\t\t\t<\/div>\n\t\t<\/div>\n\t\t\t\t\t<\/div>\n\t\t<\/section>\n\t\t\t\t<\/div>\n\t\t","protected":false},"excerpt":{"rendered":"<p>Die Tourwoche im Landkreis M\u00e4rkisch-Oderland Seit 1998 ist die LesBI*Schwule T*our unterwegs in Sachen Aufkl\u00e4rung und Beratung zu lesbischen, schwulen, bisexuellen, trans*, inter* und queeren Lebensweisen im Land Brandenburg.Jahr f\u00fcr Jahr steuert ein Team aus etwa 15 Leuten verschiedene Landkreise an um vor Ort f\u00fcr Akzeptanz und gegen Diskriminierung zu werben. 2022 waren wir so [&hellip;]<\/p>\n","protected":false},"author":5,"featured_media":0,"parent":0,"menu_order":0,"comment_status":"closed","ping_status":"closed","template":"","meta":{"ocean_post_layout":"","ocean_both_sidebars_style":"","ocean_both_sidebars_content_width":0,"ocean_both_sidebars_sidebars_width":0,"ocean_sidebar":"","ocean_second_sidebar":"","ocean_disable_margins":"enable","ocean_add_body_class":"","ocean_shortcode_before_top_bar":"","ocean_shortcode_after_top_bar":"","ocean_shortcode_before_header":"","ocean_shortcode_after_header":"","ocean_has_shortcode":"","ocean_shortcode_after_title":"","ocean_shortcode_before_footer_widgets":"","ocean_shortcode_after_footer_widgets":"","ocean_shortcode_before_footer_bottom":"","ocean_shortcode_after_footer_bottom":"","ocean_display_top_bar":"default","ocean_display_header":"default","ocean_header_style":"","ocean_center_header_left_menu":"","ocean_custom_header_template":"","ocean_custom_logo":0,"ocean_custom_retina_logo":0,"ocean_custom_logo_max_width":0,"ocean_custom_logo_tablet_max_width":0,"ocean_custom_logo_mobile_max_width":0,"ocean_custom_logo_max_height":0,"ocean_custom_logo_tablet_max_height":0,"ocean_custom_logo_mobile_max_height":0,"ocean_header_custom_menu":"","ocean_menu_typo_font_family":"","ocean_menu_typo_font_subset":"","ocean_menu_typo_font_size":0,"ocean_menu_typo_font_size_tablet":0,"ocean_menu_typo_font_size_mobile":0,"ocean_menu_typo_font_size_unit":"px","ocean_menu_typo_font_weight":"","ocean_menu_typo_font_weight_tablet":"","ocean_menu_typo_font_weight_mobile":"","ocean_menu_typo_transform":"","ocean_menu_typo_transform_tablet":"","ocean_menu_typo_transform_mobile":"","ocean_menu_typo_line_height":0,"ocean_menu_typo_line_height_tablet":0,"ocean_menu_typo_line_height_mobile":0,"ocean_menu_typo_line_height_unit":"","ocean_menu_typo_spacing":0,"ocean_menu_typo_spacing_tablet":0,"ocean_menu_typo_spacing_mobile":0,"ocean_menu_typo_spacing_unit":"","ocean_menu_link_color":"","ocean_menu_link_color_hover":"","ocean_menu_link_color_active":"","ocean_menu_link_background":"","ocean_menu_link_hover_background":"","ocean_menu_link_active_background":"","ocean_menu_social_links_bg":"","ocean_menu_social_hover_links_bg":"","ocean_menu_social_links_color":"","ocean_menu_social_hover_links_color":"","ocean_disable_title":"default","ocean_disable_heading":"default","ocean_post_title":"","ocean_post_subheading":"","ocean_post_title_style":"","ocean_post_title_background_color":"","ocean_post_title_background":0,"ocean_post_title_bg_image_position":"","ocean_post_title_bg_image_attachment":"","ocean_post_title_bg_image_repeat":"","ocean_post_title_bg_image_size":"","ocean_post_title_height":0,"ocean_post_title_bg_overlay":0.5,"ocean_post_title_bg_overlay_color":"","ocean_disable_breadcrumbs":"default","ocean_breadcrumbs_color":"","ocean_breadcrumbs_separator_color":"","ocean_breadcrumbs_links_color":"","ocean_breadcrumbs_links_hover_color":"","ocean_display_footer_widgets":"default","ocean_display_footer_bottom":"default","ocean_custom_footer_template":"","footnotes":""},"class_list":["post-874","page","type-page","status-publish","hentry","entry"],"jetpack_sharing_enabled":true,"_links":{"self":[{"href":"https:\/\/www.brandenburg-bleibt-bunt.de\/index.php?rest_route=\/wp\/v2\/pages\/874","targetHints":{"allow":["GET"]}}],"collection":[{"href":"https:\/\/www.brandenburg-bleibt-bunt.de\/index.php?rest_route=\/wp\/v2\/pages"}],"about":[{"href":"https:\/\/www.brandenburg-bleibt-bunt.de\/index.php?rest_route=\/wp\/v2\/types\/page"}],"author":[{"embeddable":true,"href":"https:\/\/www.brandenburg-bleibt-bunt.de\/index.php?rest_route=\/wp\/v2\/users\/5"}],"replies":[{"embeddable":true,"href":"https:\/\/www.brandenburg-bleibt-bunt.de\/index.php?rest_route=%2Fwp%2Fv2%2Fcomments&post=874"}],"version-history":[{"count":37,"href":"https:\/\/www.brandenburg-bleibt-bunt.de\/index.php?rest_route=\/wp\/v2\/pages\/874\/revisions"}],"predecessor-version":[{"id":1139,"href":"https:\/\/www.brandenburg-bleibt-bunt.de\/index.php?rest_route=\/wp\/v2\/pages\/874\/revisions\/1139"}],"wp:attachment":[{"href":"https:\/\/www.brandenburg-bleibt-bunt.de\/index.php?rest_route=%2Fwp%2Fv2%2Fmedia&parent=874"}],"curies":[{"name":"wp","href":"https:\/\/api.w.org\/{rel}","templated":true}]}}