{"id":91,"date":"2023-03-29T16:13:38","date_gmt":"2023-03-29T16:13:38","guid":{"rendered":"https:\/\/www.brandenburg-bleibt-bunt.de\/?page_id=91"},"modified":"2025-02-21T23:58:50","modified_gmt":"2025-02-21T22:58:50","slug":"tour-2023","status":"publish","type":"page","link":"https:\/\/www.brandenburg-bleibt-bunt.de\/?page_id=91","title":{"rendered":"Die Tourwoche im Landkreis Uckermark"},"content":{"rendered":"\t\t<div data-elementor-type=\"wp-page\" data-elementor-id=\"91\" class=\"elementor elementor-91\" data-elementor-post-type=\"page\">\n\t\t\t\t\t\t<section class=\"elementor-section elementor-top-section elementor-element elementor-element-531e740 elementor-section-full_width elementor-section-height-default elementor-section-height-default\" data-id=\"531e740\" data-element_type=\"section\" data-e-type=\"section\">\n\t\t\t\t\t\t<div class=\"elementor-container elementor-column-gap-default\">\n\t\t\t\t\t<div class=\"elementor-column elementor-col-100 elementor-top-column elementor-element elementor-element-2ee0f3d\" data-id=\"2ee0f3d\" data-element_type=\"column\" data-e-type=\"column\">\n\t\t\t<div class=\"elementor-widget-wrap elementor-element-populated\">\n\t\t\t\t\t\t<div class=\"elementor-element elementor-element-4ba30e5 elementor-widget elementor-widget-heading\" data-id=\"4ba30e5\" data-element_type=\"widget\" data-e-type=\"widget\" data-widget_type=\"heading.default\">\n\t\t\t\t<div class=\"elementor-widget-container\">\n\t\t\t\t\t<h2 class=\"elementor-heading-title elementor-size-default\"><h1 class=\"wp-block-heading\">Die Tourwoche im Landkreis Uckermark<\/h1><\/h2>\t\t\t\t<\/div>\n\t\t\t\t<\/div>\n\t\t\t\t\t<\/div>\n\t\t<\/div>\n\t\t\t\t\t<\/div>\n\t\t<\/section>\n\t\t\t\t<section class=\"elementor-section elementor-top-section elementor-element elementor-element-81f9dda elementor-section-full_width elementor-section-height-default elementor-section-height-default\" data-id=\"81f9dda\" data-element_type=\"section\" data-e-type=\"section\">\n\t\t\t\t\t\t<div class=\"elementor-container elementor-column-gap-default\">\n\t\t\t\t\t<div class=\"elementor-column elementor-col-50 elementor-top-column elementor-element elementor-element-3a9a00d\" data-id=\"3a9a00d\" data-element_type=\"column\" data-e-type=\"column\">\n\t\t\t<div class=\"elementor-widget-wrap elementor-element-populated\">\n\t\t\t\t\t\t<div class=\"elementor-element elementor-element-e857f71 elementor-widget elementor-widget-text-editor\" data-id=\"e857f71\" data-element_type=\"widget\" data-e-type=\"widget\" data-widget_type=\"text-editor.default\">\n\t\t\t\t<div class=\"elementor-widget-container\">\n\t\t\t\t\t\t\t\t\t<p>Seit 1998 ist die LesBI*Schwule T*our unterwegs in Sachen Aufkl\u00e4rung und Beratung zu lesbischen, schwulen, bisexuellen, trans*, inter* und queeren Lebensweisen im Land Brandenburg. <br \/>Jahr f\u00fcr Jahr steuert ein Team aus etwa 15 Leuten verschiedene Landkreise an um vor Ort f\u00fcr Akzeptanz und gegen Diskriminierung zu werben.<\/p>\n<p>2020 waren wir so im Landkreis Oder-Spree und Frankfurt (Oder), 2021 im Landkreis Teltow-Fl\u00e4ming, 2022 im Landkreis Dahme-Spreewald und 2023 im Landkreis Barnim. 2024 geht&#8217;s vom 7. &#8211; 14. September in den Landkreis Uckermark.<\/p>\n<p>Hier folgt demn\u00e4chst die \u00dcbersicht \u00fcber die Tourstationen.<\/p>\t\t\t\t\t\t\t\t<\/div>\n\t\t\t\t<\/div>\n\t\t\t\t\t<\/div>\n\t\t<\/div>\n\t\t\t\t<div class=\"elementor-column elementor-col-50 elementor-top-column elementor-element elementor-element-d6f43cd\" data-id=\"d6f43cd\" data-element_type=\"column\" data-e-type=\"column\">\n\t\t\t<div class=\"elementor-widget-wrap elementor-element-populated\">\n\t\t\t\t\t\t<div class=\"elementor-element elementor-element-628d15c elementor-widget__width-initial elementor-widget elementor-widget-image\" data-id=\"628d15c\" data-element_type=\"widget\" data-e-type=\"widget\" data-widget_type=\"image.default\">\n\t\t\t\t<div class=\"elementor-widget-container\">\n\t\t\t\t\t\t\t\t\t\t\t\t\t\t\t<img fetchpriority=\"high\" decoding=\"async\" width=\"1000\" height=\"1000\" src=\"https:\/\/www.brandenburg-bleibt-bunt.de\/wp-content\/uploads\/2024\/09\/Tourkarte-2024.png\" class=\"attachment-full size-full wp-image-645\" alt=\"\" srcset=\"https:\/\/www.brandenburg-bleibt-bunt.de\/wp-content\/uploads\/2024\/09\/Tourkarte-2024.png 1000w, https:\/\/www.brandenburg-bleibt-bunt.de\/wp-content\/uploads\/2024\/09\/Tourkarte-2024-300x300.png 300w, https:\/\/www.brandenburg-bleibt-bunt.de\/wp-content\/uploads\/2024\/09\/Tourkarte-2024-150x150.png 150w, https:\/\/www.brandenburg-bleibt-bunt.de\/wp-content\/uploads\/2024\/09\/Tourkarte-2024-768x768.png 768w, https:\/\/www.brandenburg-bleibt-bunt.de\/wp-content\/uploads\/2024\/09\/Tourkarte-2024-600x600.png 600w\" sizes=\"(max-width: 1000px) 100vw, 1000px\" \/>\t\t\t\t\t\t\t\t\t\t\t\t\t\t\t<\/div>\n\t\t\t\t<\/div>\n\t\t\t\t\t<\/div>\n\t\t<\/div>\n\t\t\t\t\t<\/div>\n\t\t<\/section>\n\t\t\t\t<section class=\"elementor-section elementor-top-section elementor-element elementor-element-f75bc76 elementor-section-full_width elementor-section-height-default elementor-section-height-default\" data-id=\"f75bc76\" data-element_type=\"section\" data-e-type=\"section\">\n\t\t\t\t\t\t<div class=\"elementor-container elementor-column-gap-default\">\n\t\t\t\t\t<div class=\"elementor-column elementor-col-100 elementor-top-column elementor-element elementor-element-9e8c3a1\" data-id=\"9e8c3a1\" data-element_type=\"column\" data-e-type=\"column\">\n\t\t\t<div class=\"elementor-widget-wrap\">\n\t\t\t\t\t\t\t<\/div>\n\t\t<\/div>\n\t\t\t\t\t<\/div>\n\t\t<\/section>\n\t\t\t\t<section class=\"elementor-section elementor-top-section elementor-element elementor-element-6936ce9 elementor-section-full_width elementor-section-height-default elementor-section-height-default\" data-id=\"6936ce9\" data-element_type=\"section\" data-e-type=\"section\">\n\t\t\t\t\t\t<div class=\"elementor-container elementor-column-gap-default\">\n\t\t\t\t\t<div class=\"elementor-column elementor-col-100 elementor-top-column elementor-element elementor-element-75ee5e8\" data-id=\"75ee5e8\" data-element_type=\"column\" data-e-type=\"column\">\n\t\t\t<div class=\"elementor-widget-wrap elementor-element-populated\">\n\t\t\t\t\t\t<div class=\"elementor-element elementor-element-2955e85 elementor-widget elementor-widget-spacer\" data-id=\"2955e85\" data-element_type=\"widget\" data-e-type=\"widget\" data-widget_type=\"spacer.default\">\n\t\t\t\t<div class=\"elementor-widget-container\">\n\t\t\t\t\t\t\t<div class=\"elementor-spacer\">\n\t\t\t<div class=\"elementor-spacer-inner\"><\/div>\n\t\t<\/div>\n\t\t\t\t\t\t<\/div>\n\t\t\t\t<\/div>\n\t\t\t\t\t<\/div>\n\t\t<\/div>\n\t\t\t\t\t<\/div>\n\t\t<\/section>\n\t\t\t\t<section class=\"elementor-section elementor-top-section elementor-element elementor-element-27ae325 elementor-section-full_width elementor-section-height-default elementor-section-height-default\" data-id=\"27ae325\" data-element_type=\"section\" data-e-type=\"section\">\n\t\t\t\t\t\t<div class=\"elementor-container elementor-column-gap-default\">\n\t\t\t\t\t<div class=\"elementor-column elementor-col-33 elementor-top-column elementor-element elementor-element-cc34f41\" data-id=\"cc34f41\" data-element_type=\"column\" data-e-type=\"column\">\n\t\t\t<div class=\"elementor-widget-wrap elementor-element-populated\">\n\t\t\t\t\t\t<div class=\"elementor-element elementor-element-5a5daf3 elementor-widget elementor-widget-image\" data-id=\"5a5daf3\" data-element_type=\"widget\" data-e-type=\"widget\" data-widget_type=\"image.default\">\n\t\t\t\t<div class=\"elementor-widget-container\">\n\t\t\t\t\t\t\t\t\t\t\t\t\t\t\t\t<a href=\"https:\/\/www.brandenburg-bleibt-bunt.de\/?page_id=250\">\n\t\t\t\t\t\t\t<img decoding=\"async\" width=\"1200\" height=\"628\" src=\"https:\/\/www.brandenburg-bleibt-bunt.de\/wp-content\/uploads\/2024\/09\/FB-Potsdam.png\" class=\"attachment-full size-full wp-image-648\" alt=\"\" srcset=\"https:\/\/www.brandenburg-bleibt-bunt.de\/wp-content\/uploads\/2024\/09\/FB-Potsdam.png 1200w, https:\/\/www.brandenburg-bleibt-bunt.de\/wp-content\/uploads\/2024\/09\/FB-Potsdam-300x157.png 300w, https:\/\/www.brandenburg-bleibt-bunt.de\/wp-content\/uploads\/2024\/09\/FB-Potsdam-1024x536.png 1024w, https:\/\/www.brandenburg-bleibt-bunt.de\/wp-content\/uploads\/2024\/09\/FB-Potsdam-768x402.png 768w\" sizes=\"(max-width: 1200px) 100vw, 1200px\" \/>\t\t\t\t\t\t\t\t<\/a>\n\t\t\t\t\t\t\t\t\t\t\t\t\t\t\t<\/div>\n\t\t\t\t<\/div>\n\t\t\t\t\t<\/div>\n\t\t<\/div>\n\t\t\t\t<div class=\"elementor-column elementor-col-33 elementor-top-column elementor-element elementor-element-42ebbec\" data-id=\"42ebbec\" data-element_type=\"column\" data-e-type=\"column\">\n\t\t\t<div class=\"elementor-widget-wrap elementor-element-populated\">\n\t\t\t\t\t\t<div class=\"elementor-element elementor-element-0116386 elementor-widget elementor-widget-image\" data-id=\"0116386\" data-element_type=\"widget\" data-e-type=\"widget\" data-widget_type=\"image.default\">\n\t\t\t\t<div class=\"elementor-widget-container\">\n\t\t\t\t\t\t\t\t\t\t\t\t\t\t\t\t<a href=\"https:\/\/www.brandenburg-bleibt-bunt.de\/?page_id=261\">\n\t\t\t\t\t\t\t<img decoding=\"async\" width=\"1200\" height=\"628\" src=\"https:\/\/www.brandenburg-bleibt-bunt.de\/wp-content\/uploads\/2024\/09\/FB-Prenzlau.png\" class=\"attachment-full size-full wp-image-651\" alt=\"\" srcset=\"https:\/\/www.brandenburg-bleibt-bunt.de\/wp-content\/uploads\/2024\/09\/FB-Prenzlau.png 1200w, https:\/\/www.brandenburg-bleibt-bunt.de\/wp-content\/uploads\/2024\/09\/FB-Prenzlau-300x157.png 300w, https:\/\/www.brandenburg-bleibt-bunt.de\/wp-content\/uploads\/2024\/09\/FB-Prenzlau-1024x536.png 1024w, https:\/\/www.brandenburg-bleibt-bunt.de\/wp-content\/uploads\/2024\/09\/FB-Prenzlau-768x402.png 768w\" sizes=\"(max-width: 1200px) 100vw, 1200px\" \/>\t\t\t\t\t\t\t\t<\/a>\n\t\t\t\t\t\t\t\t\t\t\t\t\t\t\t<\/div>\n\t\t\t\t<\/div>\n\t\t\t\t\t<\/div>\n\t\t<\/div>\n\t\t\t\t<div class=\"elementor-column elementor-col-33 elementor-top-column elementor-element elementor-element-1808575\" data-id=\"1808575\" data-element_type=\"column\" data-e-type=\"column\">\n\t\t\t<div class=\"elementor-widget-wrap elementor-element-populated\">\n\t\t\t\t\t\t<div class=\"elementor-element elementor-element-9e1a67b elementor-widget elementor-widget-image\" data-id=\"9e1a67b\" data-element_type=\"widget\" data-e-type=\"widget\" data-widget_type=\"image.default\">\n\t\t\t\t<div class=\"elementor-widget-container\">\n\t\t\t\t\t\t\t\t\t\t\t\t\t\t\t\t<a href=\"https:\/\/www.brandenburg-bleibt-bunt.de\/?page_id=270\">\n\t\t\t\t\t\t\t<img loading=\"lazy\" decoding=\"async\" width=\"1200\" height=\"628\" src=\"https:\/\/www.brandenburg-bleibt-bunt.de\/wp-content\/uploads\/2024\/09\/FB-Templin.png\" class=\"attachment-full size-full wp-image-654\" alt=\"\" srcset=\"https:\/\/www.brandenburg-bleibt-bunt.de\/wp-content\/uploads\/2024\/09\/FB-Templin.png 1200w, https:\/\/www.brandenburg-bleibt-bunt.de\/wp-content\/uploads\/2024\/09\/FB-Templin-300x157.png 300w, https:\/\/www.brandenburg-bleibt-bunt.de\/wp-content\/uploads\/2024\/09\/FB-Templin-1024x536.png 1024w, https:\/\/www.brandenburg-bleibt-bunt.de\/wp-content\/uploads\/2024\/09\/FB-Templin-768x402.png 768w\" sizes=\"(max-width: 1200px) 100vw, 1200px\" \/>\t\t\t\t\t\t\t\t<\/a>\n\t\t\t\t\t\t\t\t\t\t\t\t\t\t\t<\/div>\n\t\t\t\t<\/div>\n\t\t\t\t\t<\/div>\n\t\t<\/div>\n\t\t\t\t\t<\/div>\n\t\t<\/section>\n\t\t\t\t<section class=\"elementor-section elementor-top-section elementor-element elementor-element-1eec91a elementor-section-full_width elementor-section-height-default elementor-section-height-default\" data-id=\"1eec91a\" data-element_type=\"section\" data-e-type=\"section\">\n\t\t\t\t\t\t<div class=\"elementor-container elementor-column-gap-default\">\n\t\t\t\t\t<div class=\"elementor-column elementor-col-33 elementor-top-column elementor-element elementor-element-9c79802\" data-id=\"9c79802\" data-element_type=\"column\" data-e-type=\"column\">\n\t\t\t<div class=\"elementor-widget-wrap elementor-element-populated\">\n\t\t\t\t\t\t<div class=\"elementor-element elementor-element-ec0a4af elementor-widget elementor-widget-image\" data-id=\"ec0a4af\" data-element_type=\"widget\" data-e-type=\"widget\" data-widget_type=\"image.default\">\n\t\t\t\t<div class=\"elementor-widget-container\">\n\t\t\t\t\t\t\t\t\t\t\t\t\t\t\t\t<a href=\"https:\/\/www.brandenburg-bleibt-bunt.de\/?page_id=279\">\n\t\t\t\t\t\t\t<img loading=\"lazy\" decoding=\"async\" width=\"1200\" height=\"628\" src=\"https:\/\/www.brandenburg-bleibt-bunt.de\/wp-content\/uploads\/2024\/09\/FB-Lychen.png\" class=\"attachment-full size-full wp-image-659\" alt=\"\" srcset=\"https:\/\/www.brandenburg-bleibt-bunt.de\/wp-content\/uploads\/2024\/09\/FB-Lychen.png 1200w, https:\/\/www.brandenburg-bleibt-bunt.de\/wp-content\/uploads\/2024\/09\/FB-Lychen-300x157.png 300w, https:\/\/www.brandenburg-bleibt-bunt.de\/wp-content\/uploads\/2024\/09\/FB-Lychen-1024x536.png 1024w, https:\/\/www.brandenburg-bleibt-bunt.de\/wp-content\/uploads\/2024\/09\/FB-Lychen-768x402.png 768w\" sizes=\"(max-width: 1200px) 100vw, 1200px\" \/>\t\t\t\t\t\t\t\t<\/a>\n\t\t\t\t\t\t\t\t\t\t\t\t\t\t\t<\/div>\n\t\t\t\t<\/div>\n\t\t\t\t\t<\/div>\n\t\t<\/div>\n\t\t\t\t<div class=\"elementor-column elementor-col-33 elementor-top-column elementor-element elementor-element-60050ea\" data-id=\"60050ea\" data-element_type=\"column\" data-e-type=\"column\">\n\t\t\t<div class=\"elementor-widget-wrap elementor-element-populated\">\n\t\t\t\t\t\t<div class=\"elementor-element elementor-element-a5618ca elementor-widget elementor-widget-image\" data-id=\"a5618ca\" data-element_type=\"widget\" data-e-type=\"widget\" data-widget_type=\"image.default\">\n\t\t\t\t<div class=\"elementor-widget-container\">\n\t\t\t\t\t\t\t\t\t\t\t\t\t\t\t\t<a href=\"https:\/\/www.brandenburg-bleibt-bunt.de\/?page_id=286\">\n\t\t\t\t\t\t\t<img loading=\"lazy\" decoding=\"async\" width=\"1200\" height=\"628\" src=\"https:\/\/www.brandenburg-bleibt-bunt.de\/wp-content\/uploads\/2024\/09\/FB-Angermuende.png\" class=\"attachment-full size-full wp-image-671\" alt=\"\" srcset=\"https:\/\/www.brandenburg-bleibt-bunt.de\/wp-content\/uploads\/2024\/09\/FB-Angermuende.png 1200w, https:\/\/www.brandenburg-bleibt-bunt.de\/wp-content\/uploads\/2024\/09\/FB-Angermuende-300x157.png 300w, https:\/\/www.brandenburg-bleibt-bunt.de\/wp-content\/uploads\/2024\/09\/FB-Angermuende-1024x536.png 1024w, https:\/\/www.brandenburg-bleibt-bunt.de\/wp-content\/uploads\/2024\/09\/FB-Angermuende-768x402.png 768w\" sizes=\"(max-width: 1200px) 100vw, 1200px\" \/>\t\t\t\t\t\t\t\t<\/a>\n\t\t\t\t\t\t\t\t\t\t\t\t\t\t\t<\/div>\n\t\t\t\t<\/div>\n\t\t\t\t\t<\/div>\n\t\t<\/div>\n\t\t\t\t<div class=\"elementor-column elementor-col-33 elementor-top-column elementor-element elementor-element-d692a74\" data-id=\"d692a74\" data-element_type=\"column\" data-e-type=\"column\">\n\t\t\t<div class=\"elementor-widget-wrap elementor-element-populated\">\n\t\t\t\t\t\t<div class=\"elementor-element elementor-element-e43a556 elementor-widget elementor-widget-image\" data-id=\"e43a556\" data-element_type=\"widget\" data-e-type=\"widget\" data-widget_type=\"image.default\">\n\t\t\t\t<div class=\"elementor-widget-container\">\n\t\t\t\t\t\t\t\t\t\t\t\t\t\t\t\t<a href=\"https:\/\/www.brandenburg-bleibt-bunt.de\/?page_id=288\">\n\t\t\t\t\t\t\t<img loading=\"lazy\" decoding=\"async\" width=\"1200\" height=\"628\" src=\"https:\/\/www.brandenburg-bleibt-bunt.de\/wp-content\/uploads\/2024\/09\/FB-Schwedt.png\" class=\"attachment-full size-full wp-image-675\" alt=\"\" srcset=\"https:\/\/www.brandenburg-bleibt-bunt.de\/wp-content\/uploads\/2024\/09\/FB-Schwedt.png 1200w, https:\/\/www.brandenburg-bleibt-bunt.de\/wp-content\/uploads\/2024\/09\/FB-Schwedt-300x157.png 300w, https:\/\/www.brandenburg-bleibt-bunt.de\/wp-content\/uploads\/2024\/09\/FB-Schwedt-1024x536.png 1024w, https:\/\/www.brandenburg-bleibt-bunt.de\/wp-content\/uploads\/2024\/09\/FB-Schwedt-768x402.png 768w\" sizes=\"(max-width: 1200px) 100vw, 1200px\" \/>\t\t\t\t\t\t\t\t<\/a>\n\t\t\t\t\t\t\t\t\t\t\t\t\t\t\t<\/div>\n\t\t\t\t<\/div>\n\t\t\t\t\t<\/div>\n\t\t<\/div>\n\t\t\t\t\t<\/div>\n\t\t<\/section>\n\t\t\t\t<section class=\"elementor-section elementor-top-section elementor-element elementor-element-71d87dbe elementor-section-full_width elementor-section-height-default elementor-section-height-default\" data-id=\"71d87dbe\" data-element_type=\"section\" data-e-type=\"section\">\n\t\t\t\t\t\t<div class=\"elementor-container elementor-column-gap-default\">\n\t\t\t\t\t<div class=\"elementor-column elementor-col-100 elementor-top-column elementor-element elementor-element-372bfcca\" data-id=\"372bfcca\" data-element_type=\"column\" data-e-type=\"column\">\n\t\t\t<div class=\"elementor-widget-wrap elementor-element-populated\">\n\t\t\t\t\t\t<div class=\"elementor-element elementor-element-1e38f7ae elementor-widget elementor-widget-text-editor\" data-id=\"1e38f7ae\" data-element_type=\"widget\" data-e-type=\"widget\" data-widget_type=\"text-editor.default\">\n\t\t\t\t<div class=\"elementor-widget-container\">\n\t\t\t\t\t\t\t\t\t<p>Die Termin\u00fcbersicht wird bis zum Veranstaltungstag fortlaufend erg\u00e4nzt und aktualisiert.<\/p>\n<p><!-- \/wp:paragraph --><\/p>\t\t\t\t\t\t\t\t<\/div>\n\t\t\t\t<\/div>\n\t\t\t\t\t<\/div>\n\t\t<\/div>\n\t\t\t\t\t<\/div>\n\t\t<\/section>\n\t\t\t\t<\/div>\n\t\t","protected":false},"excerpt":{"rendered":"<p>Die Tourwoche im Landkreis Uckermark Seit 1998 ist die LesBI*Schwule T*our unterwegs in Sachen Aufkl\u00e4rung und Beratung zu lesbischen, schwulen, bisexuellen, trans*, inter* und queeren Lebensweisen im Land Brandenburg. Jahr f\u00fcr Jahr steuert ein Team aus etwa 15 Leuten verschiedene Landkreise an um vor Ort f\u00fcr Akzeptanz und gegen Diskriminierung zu werben. 2020 waren wir [&hellip;]<\/p>\n","protected":false},"author":4,"featured_media":0,"parent":0,"menu_order":0,"comment_status":"closed","ping_status":"closed","template":"","meta":{"ocean_post_layout":"","ocean_both_sidebars_style":"","ocean_both_sidebars_content_width":0,"ocean_both_sidebars_sidebars_width":0,"ocean_sidebar":"0","ocean_second_sidebar":"0","ocean_disable_margins":"enable","ocean_add_body_class":"","ocean_shortcode_before_top_bar":"","ocean_shortcode_after_top_bar":"","ocean_shortcode_before_header":"","ocean_shortcode_after_header":"","ocean_has_shortcode":"","ocean_shortcode_after_title":"","ocean_shortcode_before_footer_widgets":"","ocean_shortcode_after_footer_widgets":"","ocean_shortcode_before_footer_bottom":"","ocean_shortcode_after_footer_bottom":"","ocean_display_top_bar":"default","ocean_display_header":"default","ocean_header_style":"","ocean_center_header_left_menu":"0","ocean_custom_header_template":"0","ocean_custom_logo":0,"ocean_custom_retina_logo":0,"ocean_custom_logo_max_width":0,"ocean_custom_logo_tablet_max_width":0,"ocean_custom_logo_mobile_max_width":0,"ocean_custom_logo_max_height":0,"ocean_custom_logo_tablet_max_height":0,"ocean_custom_logo_mobile_max_height":0,"ocean_header_custom_menu":"0","ocean_menu_typo_font_family":"0","ocean_menu_typo_font_subset":"","ocean_menu_typo_font_size":0,"ocean_menu_typo_font_size_tablet":0,"ocean_menu_typo_font_size_mobile":0,"ocean_menu_typo_font_size_unit":"px","ocean_menu_typo_font_weight":"","ocean_menu_typo_font_weight_tablet":"","ocean_menu_typo_font_weight_mobile":"","ocean_menu_typo_transform":"","ocean_menu_typo_transform_tablet":"","ocean_menu_typo_transform_mobile":"","ocean_menu_typo_line_height":0,"ocean_menu_typo_line_height_tablet":0,"ocean_menu_typo_line_height_mobile":0,"ocean_menu_typo_line_height_unit":"","ocean_menu_typo_spacing":0,"ocean_menu_typo_spacing_tablet":0,"ocean_menu_typo_spacing_mobile":0,"ocean_menu_typo_spacing_unit":"","ocean_menu_link_color":"","ocean_menu_link_color_hover":"","ocean_menu_link_color_active":"","ocean_menu_link_background":"","ocean_menu_link_hover_background":"","ocean_menu_link_active_background":"","ocean_menu_social_links_bg":"","ocean_menu_social_hover_links_bg":"","ocean_menu_social_links_color":"","ocean_menu_social_hover_links_color":"","ocean_disable_title":"default","ocean_disable_heading":"default","ocean_post_title":"","ocean_post_subheading":"","ocean_post_title_style":"","ocean_post_title_background_color":"","ocean_post_title_background":0,"ocean_post_title_bg_image_position":"","ocean_post_title_bg_image_attachment":"","ocean_post_title_bg_image_repeat":"","ocean_post_title_bg_image_size":"","ocean_post_title_height":0,"ocean_post_title_bg_overlay":0.5,"ocean_post_title_bg_overlay_color":"","ocean_disable_breadcrumbs":"default","ocean_breadcrumbs_color":"","ocean_breadcrumbs_separator_color":"","ocean_breadcrumbs_links_color":"","ocean_breadcrumbs_links_hover_color":"","ocean_display_footer_widgets":"default","ocean_display_footer_bottom":"default","ocean_custom_footer_template":"0","footnotes":""},"class_list":["post-91","page","type-page","status-publish","hentry","entry"],"jetpack_sharing_enabled":true,"_links":{"self":[{"href":"https:\/\/www.brandenburg-bleibt-bunt.de\/index.php?rest_route=\/wp\/v2\/pages\/91","targetHints":{"allow":["GET"]}}],"collection":[{"href":"https:\/\/www.brandenburg-bleibt-bunt.de\/index.php?rest_route=\/wp\/v2\/pages"}],"about":[{"href":"https:\/\/www.brandenburg-bleibt-bunt.de\/index.php?rest_route=\/wp\/v2\/types\/page"}],"author":[{"embeddable":true,"href":"https:\/\/www.brandenburg-bleibt-bunt.de\/index.php?rest_route=\/wp\/v2\/users\/4"}],"replies":[{"embeddable":true,"href":"https:\/\/www.brandenburg-bleibt-bunt.de\/index.php?rest_route=%2Fwp%2Fv2%2Fcomments&post=91"}],"version-history":[{"count":27,"href":"https:\/\/www.brandenburg-bleibt-bunt.de\/index.php?rest_route=\/wp\/v2\/pages\/91\/revisions"}],"predecessor-version":[{"id":720,"href":"https:\/\/www.brandenburg-bleibt-bunt.de\/index.php?rest_route=\/wp\/v2\/pages\/91\/revisions\/720"}],"wp:attachment":[{"href":"https:\/\/www.brandenburg-bleibt-bunt.de\/index.php?rest_route=%2Fwp%2Fv2%2Fmedia&parent=91"}],"curies":[{"name":"wp","href":"https:\/\/api.w.org\/{rel}","templated":true}]}}